{"id":1198,"date":"2023-03-06T11:13:07","date_gmt":"2023-03-06T11:13:07","guid":{"rendered":"https:\/\/bricer.pt\/produto\/mrs-bridges-chutney-de-gengibre-e-chili-frasco-295g\/"},"modified":"2023-04-17T07:59:26","modified_gmt":"2023-04-17T07:59:26","slug":"mrs-bridges-chutney-de-gengibre-e-chili-frasco-295g","status":"publish","type":"product","link":"https:\/\/bricer.pt\/?product=mrs-bridges-chutney-de-gengibre-e-chili-frasco-295g","title":{"rendered":"Mrs Bridges Chutney de Gengibre e Chili Frasco 295g"},"content":{"rendered":"<p><strong>Mrs Bridges Chutney de Gengibre e Chili<\/strong> Frasco 295g.<\/p>\n<p>&nbsp;<\/p>\n<p><strong>Ingredientes<\/strong>: Ma\u00e7\u00e3s, a\u00e7\u00facar, gengibre (13%), vinagre de malte (de CEVADA), cebolas, chili (2%), sal, especiarias.<\/p>\n<p><strong>Alerg\u00e9nios<\/strong>: Ver MAI\u00daSCULAS. Pode conter vest\u00edgios de mostarda.<\/p>\n<p><strong>Declara\u00e7\u00e3o Nutricional p\/100g:<\/strong> Energia 505kJ\/119kcal; L\u00edpidos 0,1g (dos quais saturados 0g); Hidratos de Carbono 29,0g (dos quais a\u00e7\u00facares 28,7g); Prote\u00ednas 0,5g; Sal 0,5g.<\/p>\n","protected":false},"excerpt":{"rendered":"<p>Mrs Bridges Chutney de Gengibre e Chili Frasco 295g. &nbsp; Ingredientes: Ma\u00e7\u00e3s, a\u00e7\u00facar, gengibre (13%), vinagre de malte (de CEVADA), cebolas, chili (2%), sal, especiarias. Alerg\u00e9nios: Ver MAI\u00daSCULAS. Pode conter vest\u00edgios de mostarda. Declara\u00e7\u00e3o Nutricional p\/100g: Energia 505kJ\/119kcal; L\u00edpidos 0,1g (dos quais saturados 0g); Hidratos de Carbono 29,0g (dos quais a\u00e7\u00facares 28,7g); Prote\u00ednas 0,5g; Sal [&hellip;]<\/p>\n","protected":false},"featured_media":1199,"template":"","meta":[],"product_brand":[],"product_cat":[210,145],"product_tag":[],"class_list":{"0":"post-1198","1":"product","2":"type-product","3":"status-publish","4":"has-post-thumbnail","6":"product_cat-chutney-produtos-premium","7":"product_cat-produtos-premium","8":"pa_marcas-mrs-bridges","9":"pa_pais-reino-unido","11":"first","12":"instock","13":"taxable","14":"shipping-taxable","15":"product-type-simple"},"_links":{"self":[{"href":"https:\/\/bricer.pt\/index.php?rest_route=\/wp\/v2\/product\/1198","targetHints":{"allow":["GET"]}}],"collection":[{"href":"https:\/\/bricer.pt\/index.php?rest_route=\/wp\/v2\/product"}],"about":[{"href":"https:\/\/bricer.pt\/index.php?rest_route=\/wp\/v2\/types\/product"}],"wp:featuredmedia":[{"embeddable":true,"href":"https:\/\/bricer.pt\/index.php?rest_route=\/wp\/v2\/media\/1199"}],"wp:attachment":[{"href":"https:\/\/bricer.pt\/index.php?rest_route=%2Fwp%2Fv2%2Fmedia&parent=1198"}],"wp:term":[{"taxonomy":"product_brand","embeddable":true,"href":"https:\/\/bricer.pt\/index.php?rest_route=%2Fwp%2Fv2%2Fproduct_brand&post=1198"},{"taxonomy":"product_cat","embeddable":true,"href":"https:\/\/bricer.pt\/index.php?rest_route=%2Fwp%2Fv2%2Fproduct_cat&post=1198"},{"taxonomy":"product_tag","embeddable":true,"href":"https:\/\/bricer.pt\/index.php?rest_route=%2Fwp%2Fv2%2Fproduct_tag&post=1198"}],"curies":[{"name":"wp","href":"https:\/\/api.w.org\/{rel}","templated":true}]}}