{"id":1196,"date":"2023-03-06T11:13:07","date_gmt":"2023-03-06T11:13:07","guid":{"rendered":"https:\/\/bricer.pt\/produto\/mrs-bridges-chutney-cebola-caramelizada-e-alho-frasco-300g\/"},"modified":"2023-04-17T07:59:26","modified_gmt":"2023-04-17T07:59:26","slug":"mrs-bridges-chutney-cebola-caramelizada-e-alho-frasco-300g","status":"publish","type":"product","link":"https:\/\/bricer.pt\/?product=mrs-bridges-chutney-cebola-caramelizada-e-alho-frasco-300g","title":{"rendered":"Mrs Bridges Chutney Cebola Caramelizada e Alho Frasco 300g"},"content":{"rendered":"<p><strong>Mrs Bridges Chutney Cebola Caramelizada e Alho<\/strong> Frasco 300g.<\/p>\n<p>&nbsp;<\/p>\n<p><strong>Ingredientes<\/strong>: Cebola caramelizada (27%) (cebola branca, cebola vermelha, a\u00e7\u00facar<br \/>\namarelo, MANTEIGA (cont\u00e9m LEITE)), cebola (20%), vinagre de malte de CEVA-<br \/>\nDA, a\u00e7\u00facar branco, pur\u00e9 de alho (10%), t\u00e2maras, a\u00e7\u00facar amarelo, mela\u00e7o, vi-<br \/>\nnagre bals\u00e2mico de Modena (vinagre de vinho, mosto de uva), \u00f3leo de colza,<br \/>\nsal, especiarias.<\/p>\n<p><strong>Alerg\u00e9nios<\/strong>: Ver MAI\u00daSCULAS. Pode conter vest\u00edgios de mostarda. ADVERT\u00caNCIA: pode conter fragmentos de caro\u00e7os das t\u00e2maras.<\/p>\n<p><strong>Declara\u00e7\u00e3o Nutricional p\/100g:<\/strong> Energia 1243kJ\/295kcal; L\u00edpidos 10,1g (dos quais saturados 1,8g); Hidratos de Carbono 49,2g (dos quais a\u00e7\u00facares 47,1g); Prote\u00ednas 1,8g; Sal 2,3g.<\/p>\n","protected":false},"excerpt":{"rendered":"<p>Mrs Bridges Chutney Cebola Caramelizada e Alho Frasco 300g. &nbsp; Ingredientes: Cebola caramelizada (27%) (cebola branca, cebola vermelha, a\u00e7\u00facar amarelo, MANTEIGA (cont\u00e9m LEITE)), cebola (20%), vinagre de malte de CEVA- DA, a\u00e7\u00facar branco, pur\u00e9 de alho (10%), t\u00e2maras, a\u00e7\u00facar amarelo, mela\u00e7o, vi- nagre bals\u00e2mico de Modena (vinagre de vinho, mosto de uva), \u00f3leo de colza, [&hellip;]<\/p>\n","protected":false},"featured_media":1197,"template":"","meta":[],"product_brand":[],"product_cat":[210,145],"product_tag":[],"class_list":{"0":"post-1196","1":"product","2":"type-product","3":"status-publish","4":"has-post-thumbnail","6":"product_cat-chutney-produtos-premium","7":"product_cat-produtos-premium","8":"pa_marcas-mrs-bridges","9":"pa_pais-reino-unido","11":"first","12":"instock","13":"taxable","14":"shipping-taxable","15":"product-type-simple"},"_links":{"self":[{"href":"https:\/\/bricer.pt\/index.php?rest_route=\/wp\/v2\/product\/1196","targetHints":{"allow":["GET"]}}],"collection":[{"href":"https:\/\/bricer.pt\/index.php?rest_route=\/wp\/v2\/product"}],"about":[{"href":"https:\/\/bricer.pt\/index.php?rest_route=\/wp\/v2\/types\/product"}],"wp:featuredmedia":[{"embeddable":true,"href":"https:\/\/bricer.pt\/index.php?rest_route=\/wp\/v2\/media\/1197"}],"wp:attachment":[{"href":"https:\/\/bricer.pt\/index.php?rest_route=%2Fwp%2Fv2%2Fmedia&parent=1196"}],"wp:term":[{"taxonomy":"product_brand","embeddable":true,"href":"https:\/\/bricer.pt\/index.php?rest_route=%2Fwp%2Fv2%2Fproduct_brand&post=1196"},{"taxonomy":"product_cat","embeddable":true,"href":"https:\/\/bricer.pt\/index.php?rest_route=%2Fwp%2Fv2%2Fproduct_cat&post=1196"},{"taxonomy":"product_tag","embeddable":true,"href":"https:\/\/bricer.pt\/index.php?rest_route=%2Fwp%2Fv2%2Fproduct_tag&post=1196"}],"curies":[{"name":"wp","href":"https:\/\/api.w.org\/{rel}","templated":true}]}}