{"id":1192,"date":"2023-03-06T11:13:04","date_gmt":"2023-03-06T11:13:04","guid":{"rendered":"https:\/\/bricer.pt\/produto\/minh-duong-noodles-de-batata-vermicelli-saqueta-180g\/"},"modified":"2023-04-17T07:59:24","modified_gmt":"2023-04-17T07:59:24","slug":"minh-duong-noodles-de-batata-vermicelli-saqueta-180g","status":"publish","type":"product","link":"https:\/\/bricer.pt\/?product=minh-duong-noodles-de-batata-vermicelli-saqueta-180g","title":{"rendered":"Minh Duong Noodles de Batata Vermicelli Saqueta 180g"},"content":{"rendered":"<p><strong>Minh Duong Noodles de Batata Vermicelli<\/strong> Saqueta 180g.<\/p>\n<p>&nbsp;<\/p>\n<p><strong>Ingredientes<\/strong>: amido de batata 85%, \u00e1gua.<\/p>\n<p><strong>Alerg\u00e9nios<\/strong>: Ver MAI\u00daSCULAS.<\/p>\n<p><strong>Declara\u00e7\u00e3o Nutricional p\/100g:<\/strong> Energia 1493kJ\/357kcal; L\u00edpidos 0g (dos quais saturados 0g); Hidratos de Carbono 89g (dos quais a\u00e7\u00facares 0g); Prote\u00ednas 0,2g; Sal 0,04g.<\/p>\n","protected":false},"excerpt":{"rendered":"<p>Minh Duong Noodles de Batata Vermicelli Saqueta 180g. &nbsp; Ingredientes: amido de batata 85%, \u00e1gua. Alerg\u00e9nios: Ver MAI\u00daSCULAS. Declara\u00e7\u00e3o Nutricional p\/100g: Energia 1493kJ\/357kcal; L\u00edpidos 0g (dos quais saturados 0g); Hidratos de Carbono 89g (dos quais a\u00e7\u00facares 0g); Prote\u00ednas 0,2g; Sal 0,04g.<\/p>\n","protected":false},"featured_media":1193,"template":"","meta":[],"product_brand":[],"product_cat":[110,33,24],"product_tag":[],"class_list":{"0":"post-1192","1":"product","2":"type-product","3":"status-publish","4":"has-post-thumbnail","6":"product_cat-massas","7":"product_cat-mercearia-asiatica","8":"product_cat-sabores-do-mundo","9":"pa_marcas-minh-duong","10":"pa_pais-tailandia","12":"first","13":"instock","14":"taxable","15":"shipping-taxable","16":"product-type-simple"},"_links":{"self":[{"href":"https:\/\/bricer.pt\/index.php?rest_route=\/wp\/v2\/product\/1192","targetHints":{"allow":["GET"]}}],"collection":[{"href":"https:\/\/bricer.pt\/index.php?rest_route=\/wp\/v2\/product"}],"about":[{"href":"https:\/\/bricer.pt\/index.php?rest_route=\/wp\/v2\/types\/product"}],"wp:featuredmedia":[{"embeddable":true,"href":"https:\/\/bricer.pt\/index.php?rest_route=\/wp\/v2\/media\/1193"}],"wp:attachment":[{"href":"https:\/\/bricer.pt\/index.php?rest_route=%2Fwp%2Fv2%2Fmedia&parent=1192"}],"wp:term":[{"taxonomy":"product_brand","embeddable":true,"href":"https:\/\/bricer.pt\/index.php?rest_route=%2Fwp%2Fv2%2Fproduct_brand&post=1192"},{"taxonomy":"product_cat","embeddable":true,"href":"https:\/\/bricer.pt\/index.php?rest_route=%2Fwp%2Fv2%2Fproduct_cat&post=1192"},{"taxonomy":"product_tag","embeddable":true,"href":"https:\/\/bricer.pt\/index.php?rest_route=%2Fwp%2Fv2%2Fproduct_tag&post=1192"}],"curies":[{"name":"wp","href":"https:\/\/api.w.org\/{rel}","templated":true}]}}