{"id":109,"date":"2023-03-06T11:01:24","date_gmt":"2023-03-06T11:01:24","guid":{"rendered":"https:\/\/bricer.pt\/produto\/bartoline-sabao-de-acucar-emb-500ml\/"},"modified":"2023-04-17T07:57:12","modified_gmt":"2023-04-17T07:57:12","slug":"bartoline-sabao-de-acucar-emb-500ml","status":"publish","type":"product","link":"https:\/\/bricer.pt\/?product=bartoline-sabao-de-acucar-emb-500ml","title":{"rendered":"Bartoline Sab\u00e3o de A\u00e7\u00facar Emb. 500ml"},"content":{"rendered":"<p><strong>Bartoline Sab\u00e3o de A\u00e7\u00facar<\/strong> Emb. 500ml.<\/p>\n<p>&nbsp;<\/p>\n<p><strong>Caracter\u00edsticas<\/strong>: O sab\u00e3o de a\u00e7\u00facar Bartoline limpa e prepara todas as superf\u00edcies antes da repintura. Limpa e remove a sujidade, gordura, etc. e \u00e9 excelente produto de limpeza para uso dom\u00e9stico.<\/p>\n<p><strong>Ingredientes<\/strong>: Water, Trisodium nitrilotriacetate, Benzenesulfonic acid, C10-13-alkyl derivs. sodium salts, Sodium hydroxide, Disodium 2-(3-oxo-6-oxidoxanthen-9-yl) benzoate, 2-methylisothiazol-3(2H)-one, 1,2-benzisothiazol-3(2H)-one<\/p>\n<p><strong>Instru\u00e7\u00f5es<\/strong>: Prepara\u00e7\u00e3o e limpeza de superf\u00edcies para repintura: Adicione 100ml a 4,5 litros de \u00e1gua. Utilize \u00e1gua quente para uma limpeza mais r\u00e1pida. Aplique livremente utilizando uma esponja ou um pano absorvente. Enxague com \u00e1gua fria e limpa e deixe secar completamente. Limpeza dom\u00e9stica: Adicione 30ml a 4,5 litros de \u00e1gua. Utilize \u00e1gua quente para uma limpeza mais r\u00e1pida. Molhe a esponja ou o pano absorvente na solu\u00e7\u00e3o e tor\u00e7a-o para que n\u00e3o pingue. Esfregue com vigor a superf\u00edcie. Enxague com \u00e1gua fria e limpa. N\u00e3o \u00e9 necess\u00e1rio enxaguar azulejos, pisos de vinil e trabalhos pintados. Para limpar a banheira ou lavar a bacia, despeje um pouco de sab\u00e3o de a\u00e7\u00facar num pano h\u00famido e limpe. Enxague com \u00e1gua fria e limpa.<\/p>\n<p><strong>Advert\u00eancias<\/strong>: Qualquer derramamento deve ser limpo imediatamente pois pode<br \/>\ncausar manchas. Cobrir superf\u00edcies polidas, lin\u00f3leo, tapetes e estofos para evitar salpicos. Usar luvas de borracha para proteger peles sens\u00edveis. N\u00e3o pode ser ingerido. Manter fora do alcance das crian\u00e7as.<\/p>\n","protected":false},"excerpt":{"rendered":"<p>Bartoline Sab\u00e3o de A\u00e7\u00facar Emb. 500ml. &nbsp; Caracter\u00edsticas: O sab\u00e3o de a\u00e7\u00facar Bartoline limpa e prepara todas as superf\u00edcies antes da repintura. Limpa e remove a sujidade, gordura, etc. e \u00e9 excelente produto de limpeza para uso dom\u00e9stico. Ingredientes: Water, Trisodium nitrilotriacetate, Benzenesulfonic acid, C10-13-alkyl derivs. sodium salts, Sodium hydroxide, Disodium 2-(3-oxo-6-oxidoxanthen-9-yl) benzoate, 2-methylisothiazol-3(2H)-one, 1,2-benzisothiazol-3(2H)-one [&hellip;]<\/p>\n","protected":false},"featured_media":110,"template":"","meta":[],"product_brand":[],"product_cat":[55,58],"product_tag":[],"class_list":{"0":"post-109","1":"product","2":"type-product","3":"status-publish","4":"has-post-thumbnail","6":"product_cat-dph","7":"product_cat-limpeza-e-manutencao","8":"pa_marcas-bartoline","9":"pa_pais-reino-unido","11":"first","12":"instock","13":"taxable","14":"shipping-taxable","15":"product-type-simple"},"_links":{"self":[{"href":"https:\/\/bricer.pt\/index.php?rest_route=\/wp\/v2\/product\/109","targetHints":{"allow":["GET"]}}],"collection":[{"href":"https:\/\/bricer.pt\/index.php?rest_route=\/wp\/v2\/product"}],"about":[{"href":"https:\/\/bricer.pt\/index.php?rest_route=\/wp\/v2\/types\/product"}],"wp:featuredmedia":[{"embeddable":true,"href":"https:\/\/bricer.pt\/index.php?rest_route=\/wp\/v2\/media\/110"}],"wp:attachment":[{"href":"https:\/\/bricer.pt\/index.php?rest_route=%2Fwp%2Fv2%2Fmedia&parent=109"}],"wp:term":[{"taxonomy":"product_brand","embeddable":true,"href":"https:\/\/bricer.pt\/index.php?rest_route=%2Fwp%2Fv2%2Fproduct_brand&post=109"},{"taxonomy":"product_cat","embeddable":true,"href":"https:\/\/bricer.pt\/index.php?rest_route=%2Fwp%2Fv2%2Fproduct_cat&post=109"},{"taxonomy":"product_tag","embeddable":true,"href":"https:\/\/bricer.pt\/index.php?rest_route=%2Fwp%2Fv2%2Fproduct_tag&post=109"}],"curies":[{"name":"wp","href":"https:\/\/api.w.org\/{rel}","templated":true}]}}