{"id":1088,"date":"2023-03-06T11:12:49","date_gmt":"2023-03-06T11:12:49","guid":{"rendered":"https:\/\/bricer.pt\/produto\/martelli-massa-fusili-di-pisa-pacote-500g\/"},"modified":"2025-11-20T12:05:56","modified_gmt":"2025-11-20T12:05:56","slug":"martelli-massa-fusili-di-pisa-pacote-500g","status":"publish","type":"product","link":"https:\/\/bricer.pt\/?product=martelli-massa-fusili-di-pisa-pacote-500g","title":{"rendered":"Martelli Massa &#8220;Fusili di Pisa&#8221; Pacote 500g"},"content":{"rendered":"<p><strong>Martelli Massa &#8220;Fusili di Pisa&#8221;<\/strong> Pacote 500g.<\/p>\n<p>&nbsp;<\/p>\n<p><strong>Ingredientes<\/strong>: s\u00eamola de TRIGO duro.<\/p>\n<p><strong>Alerg\u00e9nios<\/strong>: ver MAI\u00daSCULAS. Cont\u00e9m gl\u00faten.<\/p>\n<p><strong>Declara\u00e7\u00e3o Nutricional p\/100g:<\/strong> Energia 1514kJ\/357kcal; L\u00edpidos 1,6g (dos quais saturados 0,3g); Hidratos de Carbono 72,5g (dos quais a\u00e7\u00facares 0,70g); Fibra 2,7g; Prote\u00ednas 13,1g; Sal 0,01g.<\/p>\n","protected":false},"excerpt":{"rendered":"<p>Martelli Massa &#8220;Fusili di Pisa&#8221; Pacote 500g. &nbsp; Ingredientes: s\u00eamola de TRIGO duro. Alerg\u00e9nios: ver MAI\u00daSCULAS. Cont\u00e9m gl\u00faten. Declara\u00e7\u00e3o Nutricional p\/100g: Energia 1514kJ\/357kcal; L\u00edpidos 1,6g (dos quais saturados 0,3g); Hidratos de Carbono 72,5g (dos quais a\u00e7\u00facares 0,70g); Fibra 2,7g; Prote\u00ednas 13,1g; Sal 0,01g.<\/p>\n","protected":false},"featured_media":1089,"template":"","meta":[],"product_brand":[],"product_cat":[147,145],"product_tag":[],"class_list":{"0":"post-1088","1":"product","2":"type-product","3":"status-publish","4":"has-post-thumbnail","6":"product_cat-massasmercearia","7":"product_cat-produtos-premium","8":"pa_marcas-martelli","9":"pa_pais-italia","11":"first","12":"instock","13":"taxable","14":"shipping-taxable","15":"product-type-simple"},"_links":{"self":[{"href":"https:\/\/bricer.pt\/index.php?rest_route=\/wp\/v2\/product\/1088","targetHints":{"allow":["GET"]}}],"collection":[{"href":"https:\/\/bricer.pt\/index.php?rest_route=\/wp\/v2\/product"}],"about":[{"href":"https:\/\/bricer.pt\/index.php?rest_route=\/wp\/v2\/types\/product"}],"wp:featuredmedia":[{"embeddable":true,"href":"https:\/\/bricer.pt\/index.php?rest_route=\/wp\/v2\/media\/1089"}],"wp:attachment":[{"href":"https:\/\/bricer.pt\/index.php?rest_route=%2Fwp%2Fv2%2Fmedia&parent=1088"}],"wp:term":[{"taxonomy":"product_brand","embeddable":true,"href":"https:\/\/bricer.pt\/index.php?rest_route=%2Fwp%2Fv2%2Fproduct_brand&post=1088"},{"taxonomy":"product_cat","embeddable":true,"href":"https:\/\/bricer.pt\/index.php?rest_route=%2Fwp%2Fv2%2Fproduct_cat&post=1088"},{"taxonomy":"product_tag","embeddable":true,"href":"https:\/\/bricer.pt\/index.php?rest_route=%2Fwp%2Fv2%2Fproduct_tag&post=1088"}],"curies":[{"name":"wp","href":"https:\/\/api.w.org\/{rel}","templated":true}]}}