{"id":1075,"date":"2023-03-06T11:11:15","date_gmt":"2023-03-06T11:11:15","guid":{"rendered":"https:\/\/bricer.pt\/produto\/maille-vinagre-vinho-c-aroma-nozes-garrafa-50cl\/"},"modified":"2026-02-12T12:48:52","modified_gmt":"2026-02-12T12:48:52","slug":"maille-vinagre-vinho-c-aroma-nozes-garrafa-50cl","status":"publish","type":"product","link":"https:\/\/bricer.pt\/?product=maille-vinagre-vinho-c-aroma-nozes-garrafa-50cl","title":{"rendered":"Maille Vinagre Vinho c\/ aroma Nozes Garrafa 50cl"},"content":{"rendered":"<p><strong>Maille Vinagre Vinho c\/ aroma Nozes Garrafa 50cl.<\/strong><\/p>\n<p>&nbsp;<\/p>\n<p><strong>Ingredientes<\/strong>: Vinagre de vinho branco, aroma (cont\u00e9m cafe\u00edna 0,03%), conservante: E224 (SULFITOS).<\/p>\n<p><strong>Alerg\u00e9nios<\/strong>: Ver MAI\u00daSCULAS<\/p>\n<p><strong>Informa\u00e7\u00f5es Nutricionais:<\/strong> N\u00e3o Dispon\u00edvel<\/p>\n","protected":false},"excerpt":{"rendered":"<p>Maille Vinagre Vinho c\/ aroma Nozes Garrafa 50cl. &nbsp; Ingredientes: Vinagre de vinho branco, aroma (cont\u00e9m cafe\u00edna 0,03%), conservante: E224 (SULFITOS). Alerg\u00e9nios: Ver MAI\u00daSCULAS Informa\u00e7\u00f5es Nutricionais: N\u00e3o Dispon\u00edvel<\/p>\n","protected":false},"featured_media":1076,"template":"","meta":[],"product_brand":[],"product_cat":[36,66],"product_tag":[],"class_list":{"0":"post-1075","1":"product","2":"type-product","3":"status-publish","4":"has-post-thumbnail","6":"product_cat-mercearia-salgada","7":"product_cat-vinagres","8":"pa_marcas-maille","9":"pa_pais-franca","11":"first","12":"instock","13":"taxable","14":"shipping-taxable","15":"product-type-simple"},"_links":{"self":[{"href":"https:\/\/bricer.pt\/index.php?rest_route=\/wp\/v2\/product\/1075","targetHints":{"allow":["GET"]}}],"collection":[{"href":"https:\/\/bricer.pt\/index.php?rest_route=\/wp\/v2\/product"}],"about":[{"href":"https:\/\/bricer.pt\/index.php?rest_route=\/wp\/v2\/types\/product"}],"wp:featuredmedia":[{"embeddable":true,"href":"https:\/\/bricer.pt\/index.php?rest_route=\/wp\/v2\/media\/1076"}],"wp:attachment":[{"href":"https:\/\/bricer.pt\/index.php?rest_route=%2Fwp%2Fv2%2Fmedia&parent=1075"}],"wp:term":[{"taxonomy":"product_brand","embeddable":true,"href":"https:\/\/bricer.pt\/index.php?rest_route=%2Fwp%2Fv2%2Fproduct_brand&post=1075"},{"taxonomy":"product_cat","embeddable":true,"href":"https:\/\/bricer.pt\/index.php?rest_route=%2Fwp%2Fv2%2Fproduct_cat&post=1075"},{"taxonomy":"product_tag","embeddable":true,"href":"https:\/\/bricer.pt\/index.php?rest_route=%2Fwp%2Fv2%2Fproduct_tag&post=1075"}],"curies":[{"name":"wp","href":"https:\/\/api.w.org\/{rel}","templated":true}]}}