{"id":1062,"date":"2023-03-06T11:11:15","date_gmt":"2023-03-06T11:11:15","guid":{"rendered":"https:\/\/bricer.pt\/produto\/maille-pepinos-extra-finos-frasco-380g\/"},"modified":"2023-10-25T08:41:18","modified_gmt":"2023-10-25T08:41:18","slug":"maille-pepinos-extra-finos-frasco-380g","status":"publish","type":"product","link":"https:\/\/bricer.pt\/?product=maille-pepinos-extra-finos-frasco-380g","title":{"rendered":"Maille Pepinos Extra Finos Frasco 380g"},"content":{"rendered":"<p><strong>Maille Pepinos Extra Finos Frasco 380g.<\/strong><\/p>\n<p>&nbsp;<\/p>\n<p><strong>Ingredientes<\/strong>: Cornichons, vinagre, especiarias e aromas (cebola, gr\u00e3os de MOSTARDA, sementes de coentros), sal, aroma natural, SULFITOS.<\/p>\n<p><strong>Alerg\u00e9nios<\/strong>: Ver MAI\u00daSCULAS<\/p>\n<p><strong>Declara\u00e7\u00e3o Nutricional p\/100g:<\/strong> Energia: 60kJ\/15kcal; L\u00edpidos &lt;0,5g; Hidratos de Carbono 1,5g; Prote\u00ednas 1g.<\/p>\n","protected":false},"excerpt":{"rendered":"<p>Maille Pepinos Extra Finos Frasco 380g. &nbsp; Ingredientes: Cornichons, vinagre, especiarias e aromas (cebola, gr\u00e3os de MOSTARDA, sementes de coentros), sal, aroma natural, SULFITOS. Alerg\u00e9nios: Ver MAI\u00daSCULAS Declara\u00e7\u00e3o Nutricional p\/100g: Energia: 60kJ\/15kcal; L\u00edpidos &lt;0,5g; Hidratos de Carbono 1,5g; Prote\u00ednas 1g.<\/p>\n","protected":false},"featured_media":0,"template":"","meta":[],"product_brand":[],"product_cat":[36,204],"product_tag":[],"class_list":{"0":"post-1062","1":"product","2":"type-product","3":"status-publish","5":"product_cat-mercearia-salgada","6":"product_cat-pickles","7":"pa_marcas-maille","8":"pa_pais-franca","10":"first","11":"instock","12":"taxable","13":"shipping-taxable","14":"product-type-simple"},"_links":{"self":[{"href":"https:\/\/bricer.pt\/index.php?rest_route=\/wp\/v2\/product\/1062","targetHints":{"allow":["GET"]}}],"collection":[{"href":"https:\/\/bricer.pt\/index.php?rest_route=\/wp\/v2\/product"}],"about":[{"href":"https:\/\/bricer.pt\/index.php?rest_route=\/wp\/v2\/types\/product"}],"wp:attachment":[{"href":"https:\/\/bricer.pt\/index.php?rest_route=%2Fwp%2Fv2%2Fmedia&parent=1062"}],"wp:term":[{"taxonomy":"product_brand","embeddable":true,"href":"https:\/\/bricer.pt\/index.php?rest_route=%2Fwp%2Fv2%2Fproduct_brand&post=1062"},{"taxonomy":"product_cat","embeddable":true,"href":"https:\/\/bricer.pt\/index.php?rest_route=%2Fwp%2Fv2%2Fproduct_cat&post=1062"},{"taxonomy":"product_tag","embeddable":true,"href":"https:\/\/bricer.pt\/index.php?rest_route=%2Fwp%2Fv2%2Fproduct_tag&post=1062"}],"curies":[{"name":"wp","href":"https:\/\/api.w.org\/{rel}","templated":true}]}}