{"id":1060,"date":"2023-03-06T11:11:15","date_gmt":"2023-03-06T11:11:15","guid":{"rendered":"https:\/\/bricer.pt\/produto\/maille-pepinos-extra-finos-frasco-220g\/"},"modified":"2023-10-25T08:40:31","modified_gmt":"2023-10-25T08:40:31","slug":"maille-pepinos-extra-finos-frasco-220g","status":"publish","type":"product","link":"https:\/\/bricer.pt\/?product=maille-pepinos-extra-finos-frasco-220g","title":{"rendered":"Maille Pepinos Extra Finos Frasco 220g"},"content":{"rendered":"<p><strong>Maille Pepinos Extra Finos Frasco 220g.<\/strong><\/p>\n<p>&nbsp;<\/p>\n<p><strong>Ingredientes<\/strong>: Cornichons (cont\u00e9m SULFITOS), vinagre de \u00e1lcool 42%, cebola, sal, gr\u00e3os de MOSTARDA, gr\u00e3o de coentros, aroma natural de especiarias.<\/p>\n<p><strong>Alerg\u00e9nios<\/strong>: Ver MAI\u00daSCULAS<\/p>\n<p><strong>Declara\u00e7\u00e3o Nutricional p\/100g:<\/strong> Energia 62kJ\/15kcal; L\u00edpidos &lt;0,5g (dos quais saturados &lt;0,1g); Hidratos de Carbono 1,3g (dos quais a\u00e7\u00facares &lt;0,5g); Prote\u00ednas 1g; Sal 2,3g.<\/p>\n","protected":false},"excerpt":{"rendered":"<p>Maille Pepinos Extra Finos Frasco 220g. &nbsp; Ingredientes: Cornichons (cont\u00e9m SULFITOS), vinagre de \u00e1lcool 42%, cebola, sal, gr\u00e3os de MOSTARDA, gr\u00e3o de coentros, aroma natural de especiarias. Alerg\u00e9nios: Ver MAI\u00daSCULAS Declara\u00e7\u00e3o Nutricional p\/100g: Energia 62kJ\/15kcal; L\u00edpidos &lt;0,5g (dos quais saturados &lt;0,1g); Hidratos de Carbono 1,3g (dos quais a\u00e7\u00facares &lt;0,5g); Prote\u00ednas 1g; Sal 2,3g.<\/p>\n","protected":false},"featured_media":1061,"template":"","meta":[],"product_brand":[],"product_cat":[101,36],"product_tag":[],"class_list":{"0":"post-1060","1":"product","2":"type-product","3":"status-publish","4":"has-post-thumbnail","6":"product_cat-diversos-mercearia-salgada","7":"product_cat-mercearia-salgada","8":"pa_marcas-maille","9":"pa_pais-franca","11":"first","12":"instock","13":"taxable","14":"shipping-taxable","15":"product-type-simple"},"_links":{"self":[{"href":"https:\/\/bricer.pt\/index.php?rest_route=\/wp\/v2\/product\/1060","targetHints":{"allow":["GET"]}}],"collection":[{"href":"https:\/\/bricer.pt\/index.php?rest_route=\/wp\/v2\/product"}],"about":[{"href":"https:\/\/bricer.pt\/index.php?rest_route=\/wp\/v2\/types\/product"}],"wp:featuredmedia":[{"embeddable":true,"href":"https:\/\/bricer.pt\/index.php?rest_route=\/wp\/v2\/media\/1061"}],"wp:attachment":[{"href":"https:\/\/bricer.pt\/index.php?rest_route=%2Fwp%2Fv2%2Fmedia&parent=1060"}],"wp:term":[{"taxonomy":"product_brand","embeddable":true,"href":"https:\/\/bricer.pt\/index.php?rest_route=%2Fwp%2Fv2%2Fproduct_brand&post=1060"},{"taxonomy":"product_cat","embeddable":true,"href":"https:\/\/bricer.pt\/index.php?rest_route=%2Fwp%2Fv2%2Fproduct_cat&post=1060"},{"taxonomy":"product_tag","embeddable":true,"href":"https:\/\/bricer.pt\/index.php?rest_route=%2Fwp%2Fv2%2Fproduct_tag&post=1060"}],"curies":[{"name":"wp","href":"https:\/\/api.w.org\/{rel}","templated":true}]}}