{"id":1054,"date":"2023-03-06T11:11:09","date_gmt":"2023-03-06T11:11:09","guid":{"rendered":"https:\/\/bricer.pt\/produto\/maggi-preparado-p-molho-de-pimenta-cx-34g\/"},"modified":"2024-02-05T12:16:54","modified_gmt":"2024-02-05T12:16:54","slug":"maggi-preparado-p-molho-de-pimenta-cx-34g","status":"publish","type":"product","link":"https:\/\/bricer.pt\/?product=maggi-preparado-p-molho-de-pimenta-cx-34g","title":{"rendered":"Maggi Preparado p\/ Molho de Pimenta Cx. 34g"},"content":{"rendered":"<p><strong>Maggi Preparado p\/ Molho de Pimenta Cx. 34g.<\/strong><\/p>\n<p>&nbsp;<\/p>\n<p><strong>Ingredientes<\/strong>: amidos (ervilha, milho), \u00f3leo de girassol, sal iodado, ervas e especiarias (pimenta verde 3%), cebolinho 1,2%, alho 1,1%), extrato de levedura, xarope de glicose, cebola, aromas (cont\u00e9m GL\u00daTEN), prote\u00edna de LEITE, a\u00e7\u00facar caramelizado, boleto, extrato de paprica.<\/p>\n<p><strong>Alerg\u00e9nios<\/strong>: Ver MAI\u00daSCULAS. Pode conter vest\u00edgios de aipo, ovo, mostarda e soja.<\/p>\n<p><strong>Declara\u00e7\u00e3o Nutricional p\/100g:<\/strong> Energia 1865kJ\/445kcal; L\u00edpidos 21,5g (dos quais saturados 2,0g); Hidratos de Carbono 55,0g (dos quais a\u00e7\u00facares 2,2g); Fibra 2,6g; Prote\u00ednas 6,7g; Sal 8,0g.<\/p>\n","protected":false},"excerpt":{"rendered":"<p>Maggi Preparado p\/ Molho de Pimenta Cx. 34g. &nbsp; Ingredientes: amidos (ervilha, milho), \u00f3leo de girassol, sal iodado, ervas e especiarias (pimenta verde 3%), cebolinho 1,2%, alho 1,1%), extrato de levedura, xarope de glicose, cebola, aromas (cont\u00e9m GL\u00daTEN), prote\u00edna de LEITE, a\u00e7\u00facar caramelizado, boleto, extrato de paprica. Alerg\u00e9nios: Ver MAI\u00daSCULAS. Pode conter vest\u00edgios de aipo, [&hellip;]<\/p>\n","protected":false},"featured_media":1055,"template":"","meta":[],"product_brand":[],"product_cat":[36,202],"product_tag":[],"class_list":{"0":"post-1054","1":"product","2":"type-product","3":"status-publish","4":"has-post-thumbnail","6":"product_cat-mercearia-salgada","7":"product_cat-preparados-mercearia-salgada","8":"pa_marcas-maggi","9":"pa_pais-paises-baixos","11":"first","12":"instock","13":"taxable","14":"shipping-taxable","15":"product-type-simple"},"_links":{"self":[{"href":"https:\/\/bricer.pt\/index.php?rest_route=\/wp\/v2\/product\/1054","targetHints":{"allow":["GET"]}}],"collection":[{"href":"https:\/\/bricer.pt\/index.php?rest_route=\/wp\/v2\/product"}],"about":[{"href":"https:\/\/bricer.pt\/index.php?rest_route=\/wp\/v2\/types\/product"}],"wp:featuredmedia":[{"embeddable":true,"href":"https:\/\/bricer.pt\/index.php?rest_route=\/wp\/v2\/media\/1055"}],"wp:attachment":[{"href":"https:\/\/bricer.pt\/index.php?rest_route=%2Fwp%2Fv2%2Fmedia&parent=1054"}],"wp:term":[{"taxonomy":"product_brand","embeddable":true,"href":"https:\/\/bricer.pt\/index.php?rest_route=%2Fwp%2Fv2%2Fproduct_brand&post=1054"},{"taxonomy":"product_cat","embeddable":true,"href":"https:\/\/bricer.pt\/index.php?rest_route=%2Fwp%2Fv2%2Fproduct_cat&post=1054"},{"taxonomy":"product_tag","embeddable":true,"href":"https:\/\/bricer.pt\/index.php?rest_route=%2Fwp%2Fv2%2Fproduct_tag&post=1054"}],"curies":[{"name":"wp","href":"https:\/\/api.w.org\/{rel}","templated":true}]}}