{"id":1052,"date":"2023-03-06T11:11:09","date_gmt":"2023-03-06T11:11:09","guid":{"rendered":"https:\/\/bricer.pt\/produto\/maggi-preparado-p-molho-de-natas-cx-35g\/"},"modified":"2024-02-05T12:16:34","modified_gmt":"2024-02-05T12:16:34","slug":"maggi-preparado-p-molho-de-natas-cx-35g","status":"publish","type":"product","link":"https:\/\/bricer.pt\/?product=maggi-preparado-p-molho-de-natas-cx-35g","title":{"rendered":"Maggi Preparado p\/ Molho de Natas Cx. 35g"},"content":{"rendered":"<p><strong>Maggi Preparado p\/ Molho de Natas Cx. 35g.<\/strong><\/p>\n<p>&nbsp;<\/p>\n<p><strong>Ingredientes<\/strong>: Amidos (ervilha, milho), \u00f3leo de girassol, sal iodado, NATAS em p\u00f3 6,9%, xarope de glicose, extracto de levedura, prote\u00edna de LEITE, LACTOSE, aromas, ervas e especiarias (salsa 0,5%, alho, noz-moscada 0,1%, curcuma), cebolas, espessante (goma de alfarroba).<\/p>\n<p><strong>Alerg\u00e9nios<\/strong>: Ver MAI\u00daSCULAS. Pode conter vest\u00edgios de gl\u00faten, aipo, ovo, mostarda e soja.<\/p>\n<p><strong>Declara\u00e7\u00e3o Nutricional p\/100g:<\/strong> Energia 2030kJ\/486kcal; L\u00edpidos 27,8g (dos quais saturados 4,1g); Hidratos de Carbono 52,4g (dos quais a\u00e7\u00facares 5,6g); Fibra 0,5g; Prote\u00ednas 6,3g; Sal 7,8g.<\/p>\n","protected":false},"excerpt":{"rendered":"<p>Maggi Preparado p\/ Molho de Natas Cx. 35g. &nbsp; Ingredientes: Amidos (ervilha, milho), \u00f3leo de girassol, sal iodado, NATAS em p\u00f3 6,9%, xarope de glicose, extracto de levedura, prote\u00edna de LEITE, LACTOSE, aromas, ervas e especiarias (salsa 0,5%, alho, noz-moscada 0,1%, curcuma), cebolas, espessante (goma de alfarroba). Alerg\u00e9nios: Ver MAI\u00daSCULAS. Pode conter vest\u00edgios de gl\u00faten, [&hellip;]<\/p>\n","protected":false},"featured_media":1053,"template":"","meta":[],"product_brand":[],"product_cat":[36,202],"product_tag":[],"class_list":{"0":"post-1052","1":"product","2":"type-product","3":"status-publish","4":"has-post-thumbnail","6":"product_cat-mercearia-salgada","7":"product_cat-preparados-mercearia-salgada","8":"pa_marcas-maggi","9":"pa_pais-paises-baixos","11":"first","12":"instock","13":"taxable","14":"shipping-taxable","15":"product-type-simple"},"_links":{"self":[{"href":"https:\/\/bricer.pt\/index.php?rest_route=\/wp\/v2\/product\/1052","targetHints":{"allow":["GET"]}}],"collection":[{"href":"https:\/\/bricer.pt\/index.php?rest_route=\/wp\/v2\/product"}],"about":[{"href":"https:\/\/bricer.pt\/index.php?rest_route=\/wp\/v2\/types\/product"}],"wp:featuredmedia":[{"embeddable":true,"href":"https:\/\/bricer.pt\/index.php?rest_route=\/wp\/v2\/media\/1053"}],"wp:attachment":[{"href":"https:\/\/bricer.pt\/index.php?rest_route=%2Fwp%2Fv2%2Fmedia&parent=1052"}],"wp:term":[{"taxonomy":"product_brand","embeddable":true,"href":"https:\/\/bricer.pt\/index.php?rest_route=%2Fwp%2Fv2%2Fproduct_brand&post=1052"},{"taxonomy":"product_cat","embeddable":true,"href":"https:\/\/bricer.pt\/index.php?rest_route=%2Fwp%2Fv2%2Fproduct_cat&post=1052"},{"taxonomy":"product_tag","embeddable":true,"href":"https:\/\/bricer.pt\/index.php?rest_route=%2Fwp%2Fv2%2Fproduct_tag&post=1052"}],"curies":[{"name":"wp","href":"https:\/\/api.w.org\/{rel}","templated":true}]}}