{"id":1050,"date":"2023-03-06T11:11:09","date_gmt":"2023-03-06T11:11:09","guid":{"rendered":"https:\/\/bricer.pt\/produto\/maggi-preparado-p-molho-de-caril-cx-39g\/"},"modified":"2023-04-17T07:59:04","modified_gmt":"2023-04-17T07:59:04","slug":"maggi-preparado-p-molho-de-caril-cx-39g","status":"publish","type":"product","link":"https:\/\/bricer.pt\/?product=maggi-preparado-p-molho-de-caril-cx-39g","title":{"rendered":"Maggi Preparado p\/ Molho de Caril Cx. 39g"},"content":{"rendered":"<p><strong>Maggi Preparado p\/ Molho de Caril Cx. 39g<\/strong><\/p>\n<p>&nbsp;<\/p>\n<p><strong>Ingredientes<\/strong>: amidos (ervilha, milho), caril em p\u00f3 12,3% (curcuma, coentros, MOSTARDA, alho, pimenta-de-caiena, pimenta, alcaravia, feno-grego, AIPO, cominho, gengibre, cardamomo, louro, lig\u00fastica, endro), sal iodado, a\u00e7\u00facar, xarope de glicose, prote\u00edna de LEITE, extracto de levedura, cebolas 1,3%, cebolinho 0,5%, piment\u00e3o vermelho, aroma.<\/p>\n<p><strong>Alerg\u00e9nios<\/strong>: Ver MAI\u00daSCULAS. Pode conter vest\u00edgios de gl\u00faten, ovo, soja.<\/p>\n<p><strong>Declara\u00e7\u00e3o Nutricional p\/100g:<\/strong> Energia 1907kJ\/456kcal; L\u00edpidos 23,2g (dos quais saturados 2,2g); Hidratos de Carbono 54,5g (dos quais a\u00e7\u00facares 7,3g); Fibra 2,2g;<br \/>\nProte\u00ednas 6,1g; Sal 8,1g.<\/p>\n","protected":false},"excerpt":{"rendered":"<p>Maggi Preparado p\/ Molho de Caril Cx. 39g &nbsp; Ingredientes: amidos (ervilha, milho), caril em p\u00f3 12,3% (curcuma, coentros, MOSTARDA, alho, pimenta-de-caiena, pimenta, alcaravia, feno-grego, AIPO, cominho, gengibre, cardamomo, louro, lig\u00fastica, endro), sal iodado, a\u00e7\u00facar, xarope de glicose, prote\u00edna de LEITE, extracto de levedura, cebolas 1,3%, cebolinho 0,5%, piment\u00e3o vermelho, aroma. Alerg\u00e9nios: Ver MAI\u00daSCULAS. Pode [&hellip;]<\/p>\n","protected":false},"featured_media":1051,"template":"","meta":[],"product_brand":[],"product_cat":[36,202],"product_tag":[],"class_list":{"0":"post-1050","1":"product","2":"type-product","3":"status-publish","4":"has-post-thumbnail","6":"product_cat-mercearia-salgada","7":"product_cat-preparados-mercearia-salgada","8":"pa_marcas-maggi","9":"pa_pais-paises-baixos","11":"first","12":"instock","13":"taxable","14":"shipping-taxable","15":"product-type-simple"},"_links":{"self":[{"href":"https:\/\/bricer.pt\/index.php?rest_route=\/wp\/v2\/product\/1050","targetHints":{"allow":["GET"]}}],"collection":[{"href":"https:\/\/bricer.pt\/index.php?rest_route=\/wp\/v2\/product"}],"about":[{"href":"https:\/\/bricer.pt\/index.php?rest_route=\/wp\/v2\/types\/product"}],"wp:featuredmedia":[{"embeddable":true,"href":"https:\/\/bricer.pt\/index.php?rest_route=\/wp\/v2\/media\/1051"}],"wp:attachment":[{"href":"https:\/\/bricer.pt\/index.php?rest_route=%2Fwp%2Fv2%2Fmedia&parent=1050"}],"wp:term":[{"taxonomy":"product_brand","embeddable":true,"href":"https:\/\/bricer.pt\/index.php?rest_route=%2Fwp%2Fv2%2Fproduct_brand&post=1050"},{"taxonomy":"product_cat","embeddable":true,"href":"https:\/\/bricer.pt\/index.php?rest_route=%2Fwp%2Fv2%2Fproduct_cat&post=1050"},{"taxonomy":"product_tag","embeddable":true,"href":"https:\/\/bricer.pt\/index.php?rest_route=%2Fwp%2Fv2%2Fproduct_tag&post=1050"}],"curies":[{"name":"wp","href":"https:\/\/api.w.org\/{rel}","templated":true}]}}