{"id":1046,"date":"2023-03-06T11:11:09","date_gmt":"2023-03-06T11:11:09","guid":{"rendered":"https:\/\/bricer.pt\/produto\/maggi-preparado-em-po-p-caldo-de-ervas-frasco-140g\/"},"modified":"2023-10-25T08:34:52","modified_gmt":"2023-10-25T08:34:52","slug":"maggi-preparado-em-po-p-caldo-de-ervas-frasco-140g","status":"publish","type":"product","link":"https:\/\/bricer.pt\/?product=maggi-preparado-em-po-p-caldo-de-ervas-frasco-140g","title":{"rendered":"Maggi Preparado em P\u00f3 p\/ Caldo de Ervas Frasco 140g"},"content":{"rendered":"<p><strong>Maggi Preparado em P\u00f3 p\/ Caldo de Ervas Frasco 140g.<\/strong><\/p>\n<p>&nbsp;<\/p>\n<p><strong>Ingredientes<\/strong>: Sal, extracto de levedura, intensificadores de sabor (E621, E627, E631), aromas (cont\u00e9m TRIGO e CEVADA), maltodextrina, gordura vegetal (palma), a\u00e7\u00facar caramelizado, especiarias 1,1% (salsa, cebolinho), extractos de or\u00e9g\u00e3os, tomilho, cravinho e a\u00e7afr\u00e3o.<\/p>\n<p><strong>Alerg\u00e9nios<\/strong>: Ver MAI\u00daSCULAS. Pode conter vest\u00edgios de LEITE, OVOS, SOJA, AIPO, MOSTARDA.<\/p>\n<p><strong>Declara\u00e7\u00e3o Nutricional p\/100g:<\/strong> Energia 13kJ\/3kcal; L\u00edpidos 0,1g (dos quais saturados 0,1g); Hidratos Carbono 0,2g (dos quais a\u00e7\u00facares 0,0g); Fibra 0,0g; Prote\u00ednas 0,4g; Sal 0,85g.<\/p>\n","protected":false},"excerpt":{"rendered":"<p>Maggi Preparado em P\u00f3 p\/ Caldo de Ervas Frasco 140g. &nbsp; Ingredientes: Sal, extracto de levedura, intensificadores de sabor (E621, E627, E631), aromas (cont\u00e9m TRIGO e CEVADA), maltodextrina, gordura vegetal (palma), a\u00e7\u00facar caramelizado, especiarias 1,1% (salsa, cebolinho), extractos de or\u00e9g\u00e3os, tomilho, cravinho e a\u00e7afr\u00e3o. Alerg\u00e9nios: Ver MAI\u00daSCULAS. Pode conter vest\u00edgios de LEITE, OVOS, SOJA, AIPO, [&hellip;]<\/p>\n","protected":false},"featured_media":1047,"template":"","meta":[],"product_brand":[],"product_cat":[36,202],"product_tag":[],"class_list":{"0":"post-1046","1":"product","2":"type-product","3":"status-publish","4":"has-post-thumbnail","6":"product_cat-mercearia-salgada","7":"product_cat-preparados-mercearia-salgada","8":"pa_marcas-maggi","9":"pa_pais-paises-baixos","11":"first","12":"instock","13":"taxable","14":"shipping-taxable","15":"product-type-simple"},"_links":{"self":[{"href":"https:\/\/bricer.pt\/index.php?rest_route=\/wp\/v2\/product\/1046","targetHints":{"allow":["GET"]}}],"collection":[{"href":"https:\/\/bricer.pt\/index.php?rest_route=\/wp\/v2\/product"}],"about":[{"href":"https:\/\/bricer.pt\/index.php?rest_route=\/wp\/v2\/types\/product"}],"wp:featuredmedia":[{"embeddable":true,"href":"https:\/\/bricer.pt\/index.php?rest_route=\/wp\/v2\/media\/1047"}],"wp:attachment":[{"href":"https:\/\/bricer.pt\/index.php?rest_route=%2Fwp%2Fv2%2Fmedia&parent=1046"}],"wp:term":[{"taxonomy":"product_brand","embeddable":true,"href":"https:\/\/bricer.pt\/index.php?rest_route=%2Fwp%2Fv2%2Fproduct_brand&post=1046"},{"taxonomy":"product_cat","embeddable":true,"href":"https:\/\/bricer.pt\/index.php?rest_route=%2Fwp%2Fv2%2Fproduct_cat&post=1046"},{"taxonomy":"product_tag","embeddable":true,"href":"https:\/\/bricer.pt\/index.php?rest_route=%2Fwp%2Fv2%2Fproduct_tag&post=1046"}],"curies":[{"name":"wp","href":"https:\/\/api.w.org\/{rel}","templated":true}]}}