{"id":1039,"date":"2023-03-06T11:11:09","date_gmt":"2023-03-06T11:11:09","guid":{"rendered":"https:\/\/bricer.pt\/produto\/lyles-golden-syrup-lata-454g\/"},"modified":"2026-02-18T11:06:35","modified_gmt":"2026-02-18T11:06:35","slug":"lyles-golden-syrup-lata-454g","status":"publish","type":"product","link":"https:\/\/bricer.pt\/?product=lyles-golden-syrup-lata-454g","title":{"rendered":"Lyle&#8217;s &#8220;Golden Syrup&#8221; Lata 454g"},"content":{"rendered":"<p><strong>Lyle&#8217;s &#8220;Golden Syrup&#8221; Lata 454g.<\/strong><\/p>\n<p><img decoding=\"async\" class=\"alignnone  wp-image-13167\" src=\"https:\/\/bricer.pt\/wp-content\/uploads\/2020\/04\/BRICER_SELOS_GLUTEN_LOW-300x286.png\" alt=\"\" width=\"100\" height=\"95\" \/><\/p>\n<p><strong>Ingredientes<\/strong>: &#8220;Golden Syrup&#8221; &#8211; Xarope de a\u00e7\u00facar refinado parcialmente invertido.<\/p>\n<p><strong>Alerg\u00e9nios<\/strong>: Adequado a vegetarianos. Sem gl\u00faten, sem corantes ou aditivos artificiais.<\/p>\n<p><strong>Declara\u00e7\u00e3o Nutricional p\/100g:<\/strong> Energia 1380kJ\/325kcal; L\u00edpidos 0g (dos quais saturados 0g); Hidratos de Carbono 80,5g (dos quais a\u00e7\u00facares 80,5g); Prote\u00ednas 0,5g; Sal 0,83g.<\/p>\n<p>&nbsp;<\/p>\n","protected":false},"excerpt":{"rendered":"<p>Lyle&#8217;s &#8220;Golden Syrup&#8221; Lata 454g. Ingredientes: &#8220;Golden Syrup&#8221; &#8211; Xarope de a\u00e7\u00facar refinado parcialmente invertido. Alerg\u00e9nios: Adequado a vegetarianos. Sem gl\u00faten, sem corantes ou aditivos artificiais. Declara\u00e7\u00e3o Nutricional p\/100g: Energia 1380kJ\/325kcal; L\u00edpidos 0g (dos quais saturados 0g); Hidratos de Carbono 80,5g (dos quais a\u00e7\u00facares 80,5g); Prote\u00ednas 0,5g; Sal 0,83g. &nbsp;<\/p>\n","protected":false},"featured_media":1040,"template":"","meta":[],"product_brand":[],"product_cat":[76,200],"product_tag":[],"class_list":{"0":"post-1039","1":"product","2":"type-product","3":"status-publish","4":"has-post-thumbnail","6":"product_cat-mercearia-doce","7":"product_cat-xaropes-de-acucar","8":"pa_marcas-lyles","9":"pa_pais-reino-unido","11":"first","12":"outofstock","13":"taxable","14":"shipping-taxable","15":"product-type-simple"},"_links":{"self":[{"href":"https:\/\/bricer.pt\/index.php?rest_route=\/wp\/v2\/product\/1039","targetHints":{"allow":["GET"]}}],"collection":[{"href":"https:\/\/bricer.pt\/index.php?rest_route=\/wp\/v2\/product"}],"about":[{"href":"https:\/\/bricer.pt\/index.php?rest_route=\/wp\/v2\/types\/product"}],"wp:featuredmedia":[{"embeddable":true,"href":"https:\/\/bricer.pt\/index.php?rest_route=\/wp\/v2\/media\/1040"}],"wp:attachment":[{"href":"https:\/\/bricer.pt\/index.php?rest_route=%2Fwp%2Fv2%2Fmedia&parent=1039"}],"wp:term":[{"taxonomy":"product_brand","embeddable":true,"href":"https:\/\/bricer.pt\/index.php?rest_route=%2Fwp%2Fv2%2Fproduct_brand&post=1039"},{"taxonomy":"product_cat","embeddable":true,"href":"https:\/\/bricer.pt\/index.php?rest_route=%2Fwp%2Fv2%2Fproduct_cat&post=1039"},{"taxonomy":"product_tag","embeddable":true,"href":"https:\/\/bricer.pt\/index.php?rest_route=%2Fwp%2Fv2%2Fproduct_tag&post=1039"}],"curies":[{"name":"wp","href":"https:\/\/api.w.org\/{rel}","templated":true}]}}