{"id":1037,"date":"2023-03-06T11:11:09","date_gmt":"2023-03-06T11:11:09","guid":{"rendered":"https:\/\/bricer.pt\/produto\/lyles-golden-syrup-c-aroma-a-acer-garrafa-454g\/"},"modified":"2025-10-14T08:33:28","modified_gmt":"2025-10-14T08:33:28","slug":"lyles-golden-syrup-c-aroma-a-acer-garrafa-454g","status":"publish","type":"product","link":"https:\/\/bricer.pt\/?product=lyles-golden-syrup-c-aroma-a-acer-garrafa-454g","title":{"rendered":"Lyle&#8217;s &#8220;Golden Syrup&#8221; c\/ Aroma a \u00c1cer Garrafa 454g"},"content":{"rendered":"<p><strong>Lyle&#8217;s &#8220;Golden Syrup&#8221; c\/ Aroma a \u00c1cer Garrafa 454g.<\/strong><\/p>\n<p>&nbsp;<\/p>\n<p><strong>Ingredientes<\/strong>: Xarope de a\u00e7\u00facar refinado parcialmente invertido, aroma natural.<\/p>\n<p><strong>Alerg\u00e9nios<\/strong>: Sem Gl\u00faten, sem corantes ou aditivos artificiais.<\/p>\n<p><strong>Declara\u00e7\u00e3o Nutricional por 100g:<\/strong> Energia 1300KJ\/306kcal; L\u00edpidos 0g (dos quais saturados 0g); Hidratos de Carbono 76,5g (dos quais a\u00e7\u00facares 76,5g); Prote\u00ednas &lt;0,01g; Sal 0,8g.<\/p>\n","protected":false},"excerpt":{"rendered":"<p>Lyle&#8217;s &#8220;Golden Syrup&#8221; c\/ Aroma a \u00c1cer Garrafa 454g. &nbsp; Ingredientes: Xarope de a\u00e7\u00facar refinado parcialmente invertido, aroma natural. Alerg\u00e9nios: Sem Gl\u00faten, sem corantes ou aditivos artificiais. Declara\u00e7\u00e3o Nutricional por 100g: Energia 1300KJ\/306kcal; L\u00edpidos 0g (dos quais saturados 0g); Hidratos de Carbono 76,5g (dos quais a\u00e7\u00facares 76,5g); Prote\u00ednas &lt;0,01g; Sal 0,8g.<\/p>\n","protected":false},"featured_media":1038,"template":"","meta":[],"product_brand":[],"product_cat":[76,200],"product_tag":[],"class_list":{"0":"post-1037","1":"product","2":"type-product","3":"status-publish","4":"has-post-thumbnail","6":"product_cat-mercearia-doce","7":"product_cat-xaropes-de-acucar","8":"pa_marcas-lyles","9":"pa_pais-reino-unido","11":"first","12":"instock","13":"taxable","14":"shipping-taxable","15":"product-type-simple"},"_links":{"self":[{"href":"https:\/\/bricer.pt\/index.php?rest_route=\/wp\/v2\/product\/1037","targetHints":{"allow":["GET"]}}],"collection":[{"href":"https:\/\/bricer.pt\/index.php?rest_route=\/wp\/v2\/product"}],"about":[{"href":"https:\/\/bricer.pt\/index.php?rest_route=\/wp\/v2\/types\/product"}],"wp:featuredmedia":[{"embeddable":true,"href":"https:\/\/bricer.pt\/index.php?rest_route=\/wp\/v2\/media\/1038"}],"wp:attachment":[{"href":"https:\/\/bricer.pt\/index.php?rest_route=%2Fwp%2Fv2%2Fmedia&parent=1037"}],"wp:term":[{"taxonomy":"product_brand","embeddable":true,"href":"https:\/\/bricer.pt\/index.php?rest_route=%2Fwp%2Fv2%2Fproduct_brand&post=1037"},{"taxonomy":"product_cat","embeddable":true,"href":"https:\/\/bricer.pt\/index.php?rest_route=%2Fwp%2Fv2%2Fproduct_cat&post=1037"},{"taxonomy":"product_tag","embeddable":true,"href":"https:\/\/bricer.pt\/index.php?rest_route=%2Fwp%2Fv2%2Fproduct_tag&post=1037"}],"curies":[{"name":"wp","href":"https:\/\/api.w.org\/{rel}","templated":true}]}}