{"id":1034,"date":"2023-03-06T11:11:09","date_gmt":"2023-03-06T11:11:09","guid":{"rendered":"https:\/\/bricer.pt\/produto\/lobo-5-especiarias-chinesas-saqueta-65g\/"},"modified":"2023-04-17T07:59:03","modified_gmt":"2023-04-17T07:59:03","slug":"lobo-5-especiarias-chinesas-saqueta-65g","status":"publish","type":"product","link":"https:\/\/bricer.pt\/?product=lobo-5-especiarias-chinesas-saqueta-65g","title":{"rendered":"Lobo 5 Especiarias Chinesas Saqueta 65g"},"content":{"rendered":"<p><strong>Lobo 5 Especiarias Chinesas<\/strong> Saqueta 65g.<\/p>\n<p>&nbsp;<\/p>\n<p><strong>Ingredientes<\/strong>: canela em p\u00f3, coentros em p\u00f3, folha de louro em p\u00f3, anis estrelado em p\u00f3, pimenta-da-jamaica em p\u00f3.<\/p>\n<p><strong>Declara\u00e7\u00e3o Nutricional p\/100g:<\/strong> Energia 1750kJ\/420kcal; L\u00edpidos 6,5g (dos quais saturados 0,5g); Hidratos de Carbono 68g (dos quais a\u00e7\u00facares 1g); Prote\u00ednas 7g; Sal 1g.<\/p>\n","protected":false},"excerpt":{"rendered":"<p>Lobo 5 Especiarias Chinesas Saqueta 65g. &nbsp; Ingredientes: canela em p\u00f3, coentros em p\u00f3, folha de louro em p\u00f3, anis estrelado em p\u00f3, pimenta-da-jamaica em p\u00f3. Declara\u00e7\u00e3o Nutricional p\/100g: Energia 1750kJ\/420kcal; L\u00edpidos 6,5g (dos quais saturados 0,5g); Hidratos de Carbono 68g (dos quais a\u00e7\u00facares 1g); Prote\u00ednas 7g; Sal 1g.<\/p>\n","protected":false},"featured_media":1035,"template":"","meta":[],"product_brand":[],"product_cat":[192,33,24],"product_tag":[],"class_list":{"0":"post-1034","1":"product","2":"type-product","3":"status-publish","4":"has-post-thumbnail","6":"product_cat-especiarias-mercearia-asiatica","7":"product_cat-mercearia-asiatica","8":"product_cat-sabores-do-mundo","9":"pa_marcas-lobo","10":"pa_pais-china","12":"first","13":"instock","14":"taxable","15":"shipping-taxable","16":"product-type-simple"},"_links":{"self":[{"href":"https:\/\/bricer.pt\/index.php?rest_route=\/wp\/v2\/product\/1034","targetHints":{"allow":["GET"]}}],"collection":[{"href":"https:\/\/bricer.pt\/index.php?rest_route=\/wp\/v2\/product"}],"about":[{"href":"https:\/\/bricer.pt\/index.php?rest_route=\/wp\/v2\/types\/product"}],"wp:featuredmedia":[{"embeddable":true,"href":"https:\/\/bricer.pt\/index.php?rest_route=\/wp\/v2\/media\/1035"}],"wp:attachment":[{"href":"https:\/\/bricer.pt\/index.php?rest_route=%2Fwp%2Fv2%2Fmedia&parent=1034"}],"wp:term":[{"taxonomy":"product_brand","embeddable":true,"href":"https:\/\/bricer.pt\/index.php?rest_route=%2Fwp%2Fv2%2Fproduct_brand&post=1034"},{"taxonomy":"product_cat","embeddable":true,"href":"https:\/\/bricer.pt\/index.php?rest_route=%2Fwp%2Fv2%2Fproduct_cat&post=1034"},{"taxonomy":"product_tag","embeddable":true,"href":"https:\/\/bricer.pt\/index.php?rest_route=%2Fwp%2Fv2%2Fproduct_tag&post=1034"}],"curies":[{"name":"wp","href":"https:\/\/api.w.org\/{rel}","templated":true}]}}