{"id":1031,"date":"2023-03-06T11:11:09","date_gmt":"2023-03-06T11:11:09","guid":{"rendered":"https:\/\/bricer.pt\/produto\/lipton-infusao-de-alcacuz-e-menta-caixa-20-saquetas\/"},"modified":"2025-10-14T09:01:53","modified_gmt":"2025-10-14T09:01:53","slug":"lipton-infusao-de-alcacuz-e-menta-caixa-20-saquetas","status":"publish","type":"product","link":"https:\/\/bricer.pt\/?product=lipton-infusao-de-alcacuz-e-menta-caixa-20-saquetas","title":{"rendered":"Lipton Infus\u00e3o de Alca\u00e7uz e Menta Caixa 20 Saquetas"},"content":{"rendered":"<p><strong>Lipton Infus\u00e3o de Alca\u00e7uz e Menta Caixa 20 Saquetas.<\/strong><\/p>\n<p>&nbsp;<\/p>\n<p><strong>Ingredientes<\/strong>: Alca\u00e7uz (71%), Menta (23%), aroma natural.<\/p>\n<p><strong>ADVERT\u00caNCIA<\/strong>: Cont\u00e9m Alca\u00e7uz &#8211; Pessoas com HIPERTENS\u00c3O devem evitar o consumo excessivo.<\/p>\n<p><strong>Declara\u00e7\u00e3o Nutricional m\u00e9dia p\/100ml de Infus\u00e3o (sem a\u00e7\u00facar):<\/strong> Energia &lt;17kJ\/&lt;4kcal; L\u00edpidos 0g (dos quais saturados 0g); Hidratos de Carbono &lt;0,5g (dos quais a\u00e7\u00facares &lt;0,5g); Prote\u00ednas &lt;0,5g; Sal 0g.<\/p>\n","protected":false},"excerpt":{"rendered":"<p>Lipton Infus\u00e3o de Alca\u00e7uz e Menta Caixa 20 Saquetas. &nbsp; Ingredientes: Alca\u00e7uz (71%), Menta (23%), aroma natural. ADVERT\u00caNCIA: Cont\u00e9m Alca\u00e7uz &#8211; Pessoas com HIPERTENS\u00c3O devem evitar o consumo excessivo. Declara\u00e7\u00e3o Nutricional m\u00e9dia p\/100ml de Infus\u00e3o (sem a\u00e7\u00facar): Energia &lt;17kJ\/&lt;4kcal; L\u00edpidos 0g (dos quais saturados 0g); Hidratos de Carbono &lt;0,5g (dos quais a\u00e7\u00facares &lt;0,5g); Prote\u00ednas &lt;0,5g; [&hellip;]<\/p>\n","protected":false},"featured_media":1032,"template":"","meta":[],"product_brand":[],"product_cat":[106],"product_tag":[],"class_list":{"0":"post-1031","1":"product","2":"type-product","3":"status-publish","4":"has-post-thumbnail","6":"product_cat-cafe-e-chas","7":"pa_marcas-lipton","8":"pa_pais-franca","10":"first","11":"instock","12":"taxable","13":"shipping-taxable","14":"product-type-simple"},"_links":{"self":[{"href":"https:\/\/bricer.pt\/index.php?rest_route=\/wp\/v2\/product\/1031","targetHints":{"allow":["GET"]}}],"collection":[{"href":"https:\/\/bricer.pt\/index.php?rest_route=\/wp\/v2\/product"}],"about":[{"href":"https:\/\/bricer.pt\/index.php?rest_route=\/wp\/v2\/types\/product"}],"wp:featuredmedia":[{"embeddable":true,"href":"https:\/\/bricer.pt\/index.php?rest_route=\/wp\/v2\/media\/1032"}],"wp:attachment":[{"href":"https:\/\/bricer.pt\/index.php?rest_route=%2Fwp%2Fv2%2Fmedia&parent=1031"}],"wp:term":[{"taxonomy":"product_brand","embeddable":true,"href":"https:\/\/bricer.pt\/index.php?rest_route=%2Fwp%2Fv2%2Fproduct_brand&post=1031"},{"taxonomy":"product_cat","embeddable":true,"href":"https:\/\/bricer.pt\/index.php?rest_route=%2Fwp%2Fv2%2Fproduct_cat&post=1031"},{"taxonomy":"product_tag","embeddable":true,"href":"https:\/\/bricer.pt\/index.php?rest_route=%2Fwp%2Fv2%2Fproduct_tag&post=1031"}],"curies":[{"name":"wp","href":"https:\/\/api.w.org\/{rel}","templated":true}]}}