{"id":1024,"date":"2023-03-06T11:11:01","date_gmt":"2023-03-06T11:11:01","guid":{"rendered":"https:\/\/bricer.pt\/produto\/lien-ying-rebentos-de-soja-frasco-350g\/"},"modified":"2023-04-17T07:59:00","modified_gmt":"2023-04-17T07:59:00","slug":"lien-ying-rebentos-de-soja-frasco-350g","status":"publish","type":"product","link":"https:\/\/bricer.pt\/?product=lien-ying-rebentos-de-soja-frasco-350g","title":{"rendered":"Lien Ying Rebentos de Soja Frasco 350g"},"content":{"rendered":"<p><strong>Lien Ying Rebentos de Soja<\/strong> Frasco 350g.<\/p>\n<p>&nbsp;<\/p>\n<p><strong> Ingredientes<\/strong>: Rebentos de SOJA, \u00e1gua, a\u00e7\u00facar, sal, antioxidante: \u00e1cido asc\u00f3rbico; acidificante: \u00e1cido c\u00edtrico.<\/p>\n<p><strong>Alerg\u00e9nios<\/strong>: Ver MAI\u00daSCULAS.<\/p>\n<p><strong>Declara\u00e7\u00e3o Nutricional p\/ 100g:<\/strong> Energia 522kJ\/125kcal; L\u00edpidos 5,5g (dos quais saturados 0,9g); Hidratos de Carbono 4,6g (dos quais a\u00e7\u00facares 4,3g); Fibra 6,6g; Prote\u00edna 11g; Sal 0,5g.<\/p>\n","protected":false},"excerpt":{"rendered":"<p>Lien Ying Rebentos de Soja Frasco 350g. &nbsp; Ingredientes: Rebentos de SOJA, \u00e1gua, a\u00e7\u00facar, sal, antioxidante: \u00e1cido asc\u00f3rbico; acidificante: \u00e1cido c\u00edtrico. Alerg\u00e9nios: Ver MAI\u00daSCULAS. Declara\u00e7\u00e3o Nutricional p\/ 100g: Energia 522kJ\/125kcal; L\u00edpidos 5,5g (dos quais saturados 0,9g); Hidratos de Carbono 4,6g (dos quais a\u00e7\u00facares 4,3g); Fibra 6,6g; Prote\u00edna 11g; Sal 0,5g.<\/p>\n","protected":false},"featured_media":1025,"template":"","meta":[],"product_brand":[],"product_cat":[159,33,24],"product_tag":[],"class_list":{"0":"post-1024","1":"product","2":"type-product","3":"status-publish","4":"has-post-thumbnail","6":"product_cat-diversos-mercearia-asiatica","7":"product_cat-mercearia-asiatica","8":"product_cat-sabores-do-mundo","9":"pa_marcas-lien-ying","10":"pa_pais-china","12":"first","13":"instock","14":"taxable","15":"shipping-taxable","16":"product-type-simple"},"_links":{"self":[{"href":"https:\/\/bricer.pt\/index.php?rest_route=\/wp\/v2\/product\/1024","targetHints":{"allow":["GET"]}}],"collection":[{"href":"https:\/\/bricer.pt\/index.php?rest_route=\/wp\/v2\/product"}],"about":[{"href":"https:\/\/bricer.pt\/index.php?rest_route=\/wp\/v2\/types\/product"}],"wp:featuredmedia":[{"embeddable":true,"href":"https:\/\/bricer.pt\/index.php?rest_route=\/wp\/v2\/media\/1025"}],"wp:attachment":[{"href":"https:\/\/bricer.pt\/index.php?rest_route=%2Fwp%2Fv2%2Fmedia&parent=1024"}],"wp:term":[{"taxonomy":"product_brand","embeddable":true,"href":"https:\/\/bricer.pt\/index.php?rest_route=%2Fwp%2Fv2%2Fproduct_brand&post=1024"},{"taxonomy":"product_cat","embeddable":true,"href":"https:\/\/bricer.pt\/index.php?rest_route=%2Fwp%2Fv2%2Fproduct_cat&post=1024"},{"taxonomy":"product_tag","embeddable":true,"href":"https:\/\/bricer.pt\/index.php?rest_route=%2Fwp%2Fv2%2Fproduct_tag&post=1024"}],"curies":[{"name":"wp","href":"https:\/\/api.w.org\/{rel}","templated":true}]}}