{"id":102,"date":"2023-03-06T11:01:24","date_gmt":"2023-03-06T11:01:24","guid":{"rendered":"https:\/\/bricer.pt\/produto\/badedas-gel-de-banho-original-emb-750ml\/"},"modified":"2026-02-12T12:37:44","modified_gmt":"2026-02-12T12:37:44","slug":"badedas-gel-de-banho-original-emb-750ml","status":"publish","type":"product","link":"https:\/\/bricer.pt\/?product=badedas-gel-de-banho-original-emb-750ml","title":{"rendered":"Badedas Gel de Banho Original Emb 750ml"},"content":{"rendered":"<p><strong>Badedas Gel de Banho Original<\/strong> Emb 750ml.<\/p>\n<p>&nbsp;<\/p>\n<p><strong>Caracter\u00edsticas<\/strong>: Gel de Banho Badedas Original Indulgent \u00e9 uma parte indispens\u00e1vel da rotina di\u00e1ria da higiene. Limpa suavemente, mas de maneira cuidada, a pele do corpo inteiro, dando-lhe a hidrata\u00e7\u00e3o necess\u00e1ria e removendo as impurezas. Deixa a pele macia e suave como seda e hidrata intensamente.<\/p>\n<p><span class=\"\" role=\"listitem\"><strong>Ingredientes<\/strong>: Aqua,\u00a0<\/span><span class=\"\" role=\"listitem\">Sodium Laureth Sulfate,\u00a0<\/span><span class=\"\" role=\"listitem\">Laureth-7,\u00a0<\/span><span class=\"\" role=\"listitem\">PEG-4 Rapeseedamide,\u00a0<\/span><span class=\"\" role=\"listitem\">Disodium Laureth Sulfosuccinate,\u00a0<\/span><span class=\"\" role=\"listitem\">Laureth- ,\u00a0<\/span><span class=\"\" role=\"listitem\">Parfum,\u00a0<\/span><span class=\"\" role=\"listitem\">Tocopheryl Acetate,\u00a0<\/span><span class=\"\" role=\"listitem\">Helianthus Annuus Seed Oil<\/span><\/p>\n<p><strong>Utiliza\u00e7\u00e3o: <\/strong>Encha a sua banheira com \u00e1gua morna e coloque<br \/>\numa por\u00e7\u00e3o do gel rico badedas, deite-se e rodeie-se com<br \/>\na abund\u00e2ncia de bolhas. Aplique quando tomar duche ou banho. Aplique na pele de todo o corpo e, depois, lave com \u00e1gua quente. Adequado para uso quotidiano.<\/p>\n<p><strong>Advert\u00eancias<\/strong>: Evitar contacto com os olhos, se tal acontecer, enxaguar com<br \/>\n\u00e1gua fria e limpar cuidadosamente. Apenas para uso de adultos.<\/p>\n","protected":false},"excerpt":{"rendered":"<p>Badedas Gel de Banho Original Emb 750ml. &nbsp; Caracter\u00edsticas: Gel de Banho Badedas Original Indulgent \u00e9 uma parte indispens\u00e1vel da rotina di\u00e1ria da higiene. Limpa suavemente, mas de maneira cuidada, a pele do corpo inteiro, dando-lhe a hidrata\u00e7\u00e3o necess\u00e1ria e removendo as impurezas. Deixa a pele macia e suave como seda e hidrata intensamente. Ingredientes: [&hellip;]<\/p>\n","protected":false},"featured_media":103,"template":"","meta":[],"product_brand":[],"product_cat":[55,56],"product_tag":[],"class_list":{"0":"post-102","1":"product","2":"type-product","3":"status-publish","4":"has-post-thumbnail","6":"product_cat-dph","7":"product_cat-higiene-e-beleza-geis-de-banho","8":"pa_marcas-badedas","9":"pa_pais-espanha","11":"first","12":"instock","13":"taxable","14":"shipping-taxable","15":"product-type-simple"},"_links":{"self":[{"href":"https:\/\/bricer.pt\/index.php?rest_route=\/wp\/v2\/product\/102","targetHints":{"allow":["GET"]}}],"collection":[{"href":"https:\/\/bricer.pt\/index.php?rest_route=\/wp\/v2\/product"}],"about":[{"href":"https:\/\/bricer.pt\/index.php?rest_route=\/wp\/v2\/types\/product"}],"wp:featuredmedia":[{"embeddable":true,"href":"https:\/\/bricer.pt\/index.php?rest_route=\/wp\/v2\/media\/103"}],"wp:attachment":[{"href":"https:\/\/bricer.pt\/index.php?rest_route=%2Fwp%2Fv2%2Fmedia&parent=102"}],"wp:term":[{"taxonomy":"product_brand","embeddable":true,"href":"https:\/\/bricer.pt\/index.php?rest_route=%2Fwp%2Fv2%2Fproduct_brand&post=102"},{"taxonomy":"product_cat","embeddable":true,"href":"https:\/\/bricer.pt\/index.php?rest_route=%2Fwp%2Fv2%2Fproduct_cat&post=102"},{"taxonomy":"product_tag","embeddable":true,"href":"https:\/\/bricer.pt\/index.php?rest_route=%2Fwp%2Fv2%2Fproduct_tag&post=102"}],"curies":[{"name":"wp","href":"https:\/\/api.w.org\/{rel}","templated":true}]}}