{"id":1018,"date":"2023-03-06T11:11:01","date_gmt":"2023-03-06T11:11:01","guid":{"rendered":"https:\/\/bricer.pt\/produto\/lien-ying-rebentos-de-bambu-frasco-330g\/"},"modified":"2023-04-17T07:59:00","modified_gmt":"2023-04-17T07:59:00","slug":"lien-ying-rebentos-de-bambu-frasco-330g","status":"publish","type":"product","link":"https:\/\/bricer.pt\/?product=lien-ying-rebentos-de-bambu-frasco-330g","title":{"rendered":"Lien Ying Rebentos de Bambu Frasco 330g"},"content":{"rendered":"<p><strong>Lien Ying Rebentos de Bambu<\/strong> Frasco 330g.<\/p>\n<p>&nbsp;<\/p>\n<p><strong>Ingredientes<\/strong>: Rebentos de bambu, \u00e1gua, acidificante: \u00e1cido c\u00edtrico.<\/p>\n<p><strong>Alerg\u00e9nios<\/strong>: Ver MAI\u00daSCULAS.<\/p>\n<p><strong>Declara\u00e7\u00e3o Nutricional p\/100g<\/strong>: Energia 53kJ\/13kcal; L\u00edpidos 0,2g (dos quais saturados 0g); Hidratos de Carbono 0,7g (dos quais a\u00e7\u00facares 0,6g); Prote\u00ednas 1,5g; Sal 0,02g.<\/p>\n","protected":false},"excerpt":{"rendered":"<p>Lien Ying Rebentos de Bambu Frasco 330g. &nbsp; Ingredientes: Rebentos de bambu, \u00e1gua, acidificante: \u00e1cido c\u00edtrico. Alerg\u00e9nios: Ver MAI\u00daSCULAS. Declara\u00e7\u00e3o Nutricional p\/100g: Energia 53kJ\/13kcal; L\u00edpidos 0,2g (dos quais saturados 0g); Hidratos de Carbono 0,7g (dos quais a\u00e7\u00facares 0,6g); Prote\u00ednas 1,5g; Sal 0,02g.<\/p>\n","protected":false},"featured_media":1019,"template":"","meta":[],"product_brand":[],"product_cat":[159,33,24],"product_tag":[],"class_list":{"0":"post-1018","1":"product","2":"type-product","3":"status-publish","4":"has-post-thumbnail","6":"product_cat-diversos-mercearia-asiatica","7":"product_cat-mercearia-asiatica","8":"product_cat-sabores-do-mundo","9":"pa_marcas-lien-ying","10":"pa_pais-china","12":"first","13":"instock","14":"taxable","15":"shipping-taxable","16":"product-type-simple"},"_links":{"self":[{"href":"https:\/\/bricer.pt\/index.php?rest_route=\/wp\/v2\/product\/1018","targetHints":{"allow":["GET"]}}],"collection":[{"href":"https:\/\/bricer.pt\/index.php?rest_route=\/wp\/v2\/product"}],"about":[{"href":"https:\/\/bricer.pt\/index.php?rest_route=\/wp\/v2\/types\/product"}],"wp:featuredmedia":[{"embeddable":true,"href":"https:\/\/bricer.pt\/index.php?rest_route=\/wp\/v2\/media\/1019"}],"wp:attachment":[{"href":"https:\/\/bricer.pt\/index.php?rest_route=%2Fwp%2Fv2%2Fmedia&parent=1018"}],"wp:term":[{"taxonomy":"product_brand","embeddable":true,"href":"https:\/\/bricer.pt\/index.php?rest_route=%2Fwp%2Fv2%2Fproduct_brand&post=1018"},{"taxonomy":"product_cat","embeddable":true,"href":"https:\/\/bricer.pt\/index.php?rest_route=%2Fwp%2Fv2%2Fproduct_cat&post=1018"},{"taxonomy":"product_tag","embeddable":true,"href":"https:\/\/bricer.pt\/index.php?rest_route=%2Fwp%2Fv2%2Fproduct_tag&post=1018"}],"curies":[{"name":"wp","href":"https:\/\/api.w.org\/{rel}","templated":true}]}}