{"id":1012,"date":"2023-03-06T11:11:01","date_gmt":"2023-03-06T11:11:01","guid":{"rendered":"https:\/\/bricer.pt\/produto\/lien-ying-pasta-de-tamarindo-frasco-50g\/"},"modified":"2026-02-12T12:48:21","modified_gmt":"2026-02-12T12:48:21","slug":"lien-ying-pasta-de-tamarindo-frasco-50g","status":"publish","type":"product","link":"https:\/\/bricer.pt\/?product=lien-ying-pasta-de-tamarindo-frasco-50g","title":{"rendered":"Lien Ying Pasta de Tamarindo Frasco 50g"},"content":{"rendered":"<p><strong>Lien Ying Pasta de Tamarindo<\/strong> Frasco 50g.<\/p>\n<p>&nbsp;<\/p>\n<p><strong>Ingredientes<\/strong>: Tamarindo (85%), \u00e1gua, acidificante: \u00e1cido c\u00edtrico; sal,<br \/>\nconservante: benzoato de s\u00f3dio.<\/p>\n<p><strong>Declara\u00e7\u00e3o Nutricional p\/100g:<\/strong> Energia 808kJ\/193kcal; L\u00edpidos 0,2g (dos quais saturados 0,1g); Hidratos de Carbono 32g (dos quais a\u00e7\u00facares 1,0); Prote\u00ednas 2,0g; Sal 1,9g.<\/p>\n","protected":false},"excerpt":{"rendered":"<p>Lien Ying Pasta de Tamarindo Frasco 50g. &nbsp; Ingredientes: Tamarindo (85%), \u00e1gua, acidificante: \u00e1cido c\u00edtrico; sal, conservante: benzoato de s\u00f3dio. Declara\u00e7\u00e3o Nutricional p\/100g: Energia 808kJ\/193kcal; L\u00edpidos 0,2g (dos quais saturados 0,1g); Hidratos de Carbono 32g (dos quais a\u00e7\u00facares 1,0); Prote\u00ednas 2,0g; Sal 1,9g.<\/p>\n","protected":false},"featured_media":1013,"template":"","meta":[],"product_brand":[],"product_cat":[33,169,24],"product_tag":[],"class_list":{"0":"post-1012","1":"product","2":"type-product","3":"status-publish","4":"has-post-thumbnail","6":"product_cat-mercearia-asiatica","7":"product_cat-pastas-mercearia-asiatica","8":"product_cat-sabores-do-mundo","9":"pa_marcas-lien-ying","10":"pa_pais-china","12":"first","13":"instock","14":"taxable","15":"shipping-taxable","16":"product-type-simple"},"_links":{"self":[{"href":"https:\/\/bricer.pt\/index.php?rest_route=\/wp\/v2\/product\/1012","targetHints":{"allow":["GET"]}}],"collection":[{"href":"https:\/\/bricer.pt\/index.php?rest_route=\/wp\/v2\/product"}],"about":[{"href":"https:\/\/bricer.pt\/index.php?rest_route=\/wp\/v2\/types\/product"}],"wp:featuredmedia":[{"embeddable":true,"href":"https:\/\/bricer.pt\/index.php?rest_route=\/wp\/v2\/media\/1013"}],"wp:attachment":[{"href":"https:\/\/bricer.pt\/index.php?rest_route=%2Fwp%2Fv2%2Fmedia&parent=1012"}],"wp:term":[{"taxonomy":"product_brand","embeddable":true,"href":"https:\/\/bricer.pt\/index.php?rest_route=%2Fwp%2Fv2%2Fproduct_brand&post=1012"},{"taxonomy":"product_cat","embeddable":true,"href":"https:\/\/bricer.pt\/index.php?rest_route=%2Fwp%2Fv2%2Fproduct_cat&post=1012"},{"taxonomy":"product_tag","embeddable":true,"href":"https:\/\/bricer.pt\/index.php?rest_route=%2Fwp%2Fv2%2Fproduct_tag&post=1012"}],"curies":[{"name":"wp","href":"https:\/\/api.w.org\/{rel}","templated":true}]}}