{"id":1010,"date":"2023-03-06T11:11:01","date_gmt":"2023-03-06T11:11:01","guid":{"rendered":"https:\/\/bricer.pt\/produto\/lien-ying-pasta-de-caril-thai-frasco-125g\/"},"modified":"2023-04-17T07:58:59","modified_gmt":"2023-04-17T07:58:59","slug":"lien-ying-pasta-de-caril-thai-frasco-125g","status":"publish","type":"product","link":"https:\/\/bricer.pt\/?product=lien-ying-pasta-de-caril-thai-frasco-125g","title":{"rendered":"Lien Ying Pasta de Caril &#8220;Thai&#8221; Frasco 125g"},"content":{"rendered":"<p><strong>Lien Ying Pasta de Caril &#8220;Thai&#8221;<\/strong> Frasco 125g.<\/p>\n<p>&nbsp;<\/p>\n<p><strong>Ingredientes<\/strong>: malaguetas, erva-pr\u00edncipe, alho, galanga, sal de mesa, pasta de CAMAR\u00c3O, casca de lima Kaffir, sementes de coentro, cominho.<\/p>\n<p><strong>Alerg\u00e9nios<\/strong>: Ver MAI\u00daSCULAS.<\/p>\n<p><strong>Informa\u00e7\u00f5es Nutricionais:<\/strong> N\u00e3o Dispon\u00edvel<\/p>\n<p>&nbsp;<\/p>\n","protected":false},"excerpt":{"rendered":"<p>Lien Ying Pasta de Caril &#8220;Thai&#8221; Frasco 125g. &nbsp; Ingredientes: malaguetas, erva-pr\u00edncipe, alho, galanga, sal de mesa, pasta de CAMAR\u00c3O, casca de lima Kaffir, sementes de coentro, cominho. Alerg\u00e9nios: Ver MAI\u00daSCULAS. Informa\u00e7\u00f5es Nutricionais: N\u00e3o Dispon\u00edvel &nbsp;<\/p>\n","protected":false},"featured_media":1011,"template":"","meta":[],"product_brand":[],"product_cat":[33,169,24],"product_tag":[],"class_list":{"0":"post-1010","1":"product","2":"type-product","3":"status-publish","4":"has-post-thumbnail","6":"product_cat-mercearia-asiatica","7":"product_cat-pastas-mercearia-asiatica","8":"product_cat-sabores-do-mundo","9":"pa_marcas-lien-ying","10":"pa_pais-tailandia","12":"first","13":"instock","14":"taxable","15":"shipping-taxable","16":"product-type-simple"},"_links":{"self":[{"href":"https:\/\/bricer.pt\/index.php?rest_route=\/wp\/v2\/product\/1010","targetHints":{"allow":["GET"]}}],"collection":[{"href":"https:\/\/bricer.pt\/index.php?rest_route=\/wp\/v2\/product"}],"about":[{"href":"https:\/\/bricer.pt\/index.php?rest_route=\/wp\/v2\/types\/product"}],"wp:featuredmedia":[{"embeddable":true,"href":"https:\/\/bricer.pt\/index.php?rest_route=\/wp\/v2\/media\/1011"}],"wp:attachment":[{"href":"https:\/\/bricer.pt\/index.php?rest_route=%2Fwp%2Fv2%2Fmedia&parent=1010"}],"wp:term":[{"taxonomy":"product_brand","embeddable":true,"href":"https:\/\/bricer.pt\/index.php?rest_route=%2Fwp%2Fv2%2Fproduct_brand&post=1010"},{"taxonomy":"product_cat","embeddable":true,"href":"https:\/\/bricer.pt\/index.php?rest_route=%2Fwp%2Fv2%2Fproduct_cat&post=1010"},{"taxonomy":"product_tag","embeddable":true,"href":"https:\/\/bricer.pt\/index.php?rest_route=%2Fwp%2Fv2%2Fproduct_tag&post=1010"}],"curies":[{"name":"wp","href":"https:\/\/api.w.org\/{rel}","templated":true}]}}