{"id":1007,"date":"2023-03-06T11:11:01","date_gmt":"2023-03-06T11:11:01","guid":{"rendered":"https:\/\/bricer.pt\/produto\/lien-ying-pasta-tom-yum-frasco-100g\/"},"modified":"2023-04-17T07:58:59","modified_gmt":"2023-04-17T07:58:59","slug":"lien-ying-pasta-tom-yum-frasco-100g","status":"publish","type":"product","link":"https:\/\/bricer.pt\/?product=lien-ying-pasta-tom-yum-frasco-100g","title":{"rendered":"Lien Ying Pasta &#8220;Tom Yum&#8221; Frasco 100g"},"content":{"rendered":"<p><strong>Lien Ying Pasta &#8220;Tom Yum&#8221;<\/strong> Frasco 100g.<\/p>\n<p>&nbsp;<\/p>\n<p><strong>Ingredientes<\/strong>: erva-pr\u00edncipe (34%), a\u00e7\u00facar, galanga, molho de PEIXE (extracto de ANCHOVAS, sal, a\u00e7\u00facar), malaguetas, \u00e1gua, chalotas, sal, tamarindo, alho, folhas de lima Kaffir (1%), \u00f3leo de SOJA, acidificantes: \u00e1cido c\u00edtrico, \u00e1cido ac\u00e9tico; intensificadores de sabor: glutamato monoss\u00f3dico, guanilato diss\u00f3dico, inosinato diss\u00f3dico; corante: extracto de paprica, caramelo de am\u00f3nio.<\/p>\n<p><strong>Alerg\u00e9nios<\/strong>: ver MAI\u00daSCULAS.<\/p>\n<p><strong>Declara\u00e7\u00e3o Nutricional p\/100g:<\/strong> Energia 562kJ\/134kcal; L\u00edpidos 2,2g (dos quais saturados 0,4g); Hidratos de Carbono 22g (dos quais a\u00e7\u00facares 20g); Fibra 7,4g; Prote\u00ednas 2,6g; Sal 5,2g.<\/p>\n","protected":false},"excerpt":{"rendered":"<p>Lien Ying Pasta &#8220;Tom Yum&#8221; Frasco 100g. &nbsp; Ingredientes: erva-pr\u00edncipe (34%), a\u00e7\u00facar, galanga, molho de PEIXE (extracto de ANCHOVAS, sal, a\u00e7\u00facar), malaguetas, \u00e1gua, chalotas, sal, tamarindo, alho, folhas de lima Kaffir (1%), \u00f3leo de SOJA, acidificantes: \u00e1cido c\u00edtrico, \u00e1cido ac\u00e9tico; intensificadores de sabor: glutamato monoss\u00f3dico, guanilato diss\u00f3dico, inosinato diss\u00f3dico; corante: extracto de paprica, caramelo de [&hellip;]<\/p>\n","protected":false},"featured_media":1008,"template":"","meta":[],"product_brand":[],"product_cat":[33,169,24],"product_tag":[],"class_list":{"0":"post-1007","1":"product","2":"type-product","3":"status-publish","4":"has-post-thumbnail","6":"product_cat-mercearia-asiatica","7":"product_cat-pastas-mercearia-asiatica","8":"product_cat-sabores-do-mundo","9":"pa_marcas-lien-ying","10":"pa_pais-tailandia","12":"first","13":"instock","14":"taxable","15":"shipping-taxable","16":"product-type-simple"},"_links":{"self":[{"href":"https:\/\/bricer.pt\/index.php?rest_route=\/wp\/v2\/product\/1007","targetHints":{"allow":["GET"]}}],"collection":[{"href":"https:\/\/bricer.pt\/index.php?rest_route=\/wp\/v2\/product"}],"about":[{"href":"https:\/\/bricer.pt\/index.php?rest_route=\/wp\/v2\/types\/product"}],"wp:featuredmedia":[{"embeddable":true,"href":"https:\/\/bricer.pt\/index.php?rest_route=\/wp\/v2\/media\/1008"}],"wp:attachment":[{"href":"https:\/\/bricer.pt\/index.php?rest_route=%2Fwp%2Fv2%2Fmedia&parent=1007"}],"wp:term":[{"taxonomy":"product_brand","embeddable":true,"href":"https:\/\/bricer.pt\/index.php?rest_route=%2Fwp%2Fv2%2Fproduct_brand&post=1007"},{"taxonomy":"product_cat","embeddable":true,"href":"https:\/\/bricer.pt\/index.php?rest_route=%2Fwp%2Fv2%2Fproduct_cat&post=1007"},{"taxonomy":"product_tag","embeddable":true,"href":"https:\/\/bricer.pt\/index.php?rest_route=%2Fwp%2Fv2%2Fproduct_tag&post=1007"}],"curies":[{"name":"wp","href":"https:\/\/api.w.org\/{rel}","templated":true}]}}