{"id":1005,"date":"2023-03-06T11:11:01","date_gmt":"2023-03-06T11:11:01","guid":{"rendered":"https:\/\/bricer.pt\/produto\/lien-ying-pasta-wasabi-frasco-50g\/"},"modified":"2023-04-17T07:58:59","modified_gmt":"2023-04-17T07:58:59","slug":"lien-ying-pasta-wasabi-frasco-50g","status":"publish","type":"product","link":"https:\/\/bricer.pt\/?product=lien-ying-pasta-wasabi-frasco-50g","title":{"rendered":"Lien Ying Pasta &#8221; Wasabi&#8221; Frasco 50g"},"content":{"rendered":"<p><strong>Lien Ying Pasta &#8221; Wasabi&#8221;<\/strong> Frasco 50g.<\/p>\n<p>&nbsp;<\/p>\n<p><strong>Ingredientes<\/strong>: Pasta de R\u00e1bano picante (47%: r\u00e1bano picante, \u00f3leo de colza, sal, antioxidante: metabisSULFITO de s\u00f3dio), \u00e1gua, \u00f3leo de colza, vinagre, sal, amido modificado, &#8220;wasabi&#8221; em p\u00f3 (1%), especiarias, espessante: goma guar; acidificante:<br \/>\n\u00e1cido c\u00edtrico; extracto de especiarias, corante: azul brilhante FCF (E133).<\/p>\n<p><strong>Alerg\u00e9nios<\/strong>: Ver MAI\u00daSCULAS.<\/p>\n<p><strong>Informa\u00e7\u00f5es Nutricionais:<\/strong> N\u00e3o Dispon\u00edvel<\/p>\n","protected":false},"excerpt":{"rendered":"<p>Lien Ying Pasta &#8221; Wasabi&#8221; Frasco 50g. &nbsp; Ingredientes: Pasta de R\u00e1bano picante (47%: r\u00e1bano picante, \u00f3leo de colza, sal, antioxidante: metabisSULFITO de s\u00f3dio), \u00e1gua, \u00f3leo de colza, vinagre, sal, amido modificado, &#8220;wasabi&#8221; em p\u00f3 (1%), especiarias, espessante: goma guar; acidificante: \u00e1cido c\u00edtrico; extracto de especiarias, corante: azul brilhante FCF (E133). Alerg\u00e9nios: Ver MAI\u00daSCULAS. Informa\u00e7\u00f5es [&hellip;]<\/p>\n","protected":false},"featured_media":1006,"template":"","meta":[],"product_brand":[],"product_cat":[33,169,24],"product_tag":[],"class_list":{"0":"post-1005","1":"product","2":"type-product","3":"status-publish","4":"has-post-thumbnail","6":"product_cat-mercearia-asiatica","7":"product_cat-pastas-mercearia-asiatica","8":"product_cat-sabores-do-mundo","9":"pa_marcas-lien-ying","10":"pa_pais-japao","12":"first","13":"instock","14":"taxable","15":"shipping-taxable","16":"product-type-simple"},"_links":{"self":[{"href":"https:\/\/bricer.pt\/index.php?rest_route=\/wp\/v2\/product\/1005","targetHints":{"allow":["GET"]}}],"collection":[{"href":"https:\/\/bricer.pt\/index.php?rest_route=\/wp\/v2\/product"}],"about":[{"href":"https:\/\/bricer.pt\/index.php?rest_route=\/wp\/v2\/types\/product"}],"wp:featuredmedia":[{"embeddable":true,"href":"https:\/\/bricer.pt\/index.php?rest_route=\/wp\/v2\/media\/1006"}],"wp:attachment":[{"href":"https:\/\/bricer.pt\/index.php?rest_route=%2Fwp%2Fv2%2Fmedia&parent=1005"}],"wp:term":[{"taxonomy":"product_brand","embeddable":true,"href":"https:\/\/bricer.pt\/index.php?rest_route=%2Fwp%2Fv2%2Fproduct_brand&post=1005"},{"taxonomy":"product_cat","embeddable":true,"href":"https:\/\/bricer.pt\/index.php?rest_route=%2Fwp%2Fv2%2Fproduct_cat&post=1005"},{"taxonomy":"product_tag","embeddable":true,"href":"https:\/\/bricer.pt\/index.php?rest_route=%2Fwp%2Fv2%2Fproduct_tag&post=1005"}],"curies":[{"name":"wp","href":"https:\/\/api.w.org\/{rel}","templated":true}]}}