{"id":1003,"date":"2023-03-06T11:11:01","date_gmt":"2023-03-06T11:11:01","guid":{"rendered":"https:\/\/bricer.pt\/produto\/lien-ying-panko-caixa-120g\/"},"modified":"2023-04-17T07:58:59","modified_gmt":"2023-04-17T07:58:59","slug":"lien-ying-panko-caixa-120g","status":"publish","type":"product","link":"https:\/\/bricer.pt\/?product=lien-ying-panko-caixa-120g","title":{"rendered":"Lien Ying Panko Caixa 120g"},"content":{"rendered":"<p><strong>Lien Ying Panko<\/strong> Caixa 120g.<\/p>\n<p>&nbsp;<\/p>\n<p><strong>Ingredientes<\/strong>: farinha de TRIGO, sal, levedura, a\u00e7\u00facar, \u00f3leo de palma totalmente hidrogenado.<\/p>\n<p><strong>Alerg\u00e9nios<\/strong>: ver MAI\u00daSCULAS.<\/p>\n<p><strong>Declara\u00e7\u00e3o Nutricional p\/100g:<\/strong> Energia 1483kJ\/353kcal; L\u00edpidos 1,0g (dos quais saturados 0,2g); Hidratos de Carbono 76g (dos quais a\u00e7\u00facares 0,3g); Prote\u00ednas 9,0g; Sal 0,4g.<\/p>\n","protected":false},"excerpt":{"rendered":"<p>Lien Ying Panko Caixa 120g. &nbsp; Ingredientes: farinha de TRIGO, sal, levedura, a\u00e7\u00facar, \u00f3leo de palma totalmente hidrogenado. Alerg\u00e9nios: ver MAI\u00daSCULAS. Declara\u00e7\u00e3o Nutricional p\/100g: Energia 1483kJ\/353kcal; L\u00edpidos 1,0g (dos quais saturados 0,2g); Hidratos de Carbono 76g (dos quais a\u00e7\u00facares 0,3g); Prote\u00ednas 9,0g; Sal 0,4g.<\/p>\n","protected":false},"featured_media":1004,"template":"","meta":[],"product_brand":[],"product_cat":[159,33,24],"product_tag":[],"class_list":{"0":"post-1003","1":"product","2":"type-product","3":"status-publish","4":"has-post-thumbnail","6":"product_cat-diversos-mercearia-asiatica","7":"product_cat-mercearia-asiatica","8":"product_cat-sabores-do-mundo","9":"pa_marcas-lien-ying","10":"pa_pais-japao","12":"first","13":"instock","14":"taxable","15":"shipping-taxable","16":"product-type-simple"},"_links":{"self":[{"href":"https:\/\/bricer.pt\/index.php?rest_route=\/wp\/v2\/product\/1003","targetHints":{"allow":["GET"]}}],"collection":[{"href":"https:\/\/bricer.pt\/index.php?rest_route=\/wp\/v2\/product"}],"about":[{"href":"https:\/\/bricer.pt\/index.php?rest_route=\/wp\/v2\/types\/product"}],"wp:featuredmedia":[{"embeddable":true,"href":"https:\/\/bricer.pt\/index.php?rest_route=\/wp\/v2\/media\/1004"}],"wp:attachment":[{"href":"https:\/\/bricer.pt\/index.php?rest_route=%2Fwp%2Fv2%2Fmedia&parent=1003"}],"wp:term":[{"taxonomy":"product_brand","embeddable":true,"href":"https:\/\/bricer.pt\/index.php?rest_route=%2Fwp%2Fv2%2Fproduct_brand&post=1003"},{"taxonomy":"product_cat","embeddable":true,"href":"https:\/\/bricer.pt\/index.php?rest_route=%2Fwp%2Fv2%2Fproduct_cat&post=1003"},{"taxonomy":"product_tag","embeddable":true,"href":"https:\/\/bricer.pt\/index.php?rest_route=%2Fwp%2Fv2%2Fproduct_tag&post=1003"}],"curies":[{"name":"wp","href":"https:\/\/api.w.org\/{rel}","templated":true}]}}