{"id":1001,"date":"2023-03-06T11:11:01","date_gmt":"2023-03-06T11:11:01","guid":{"rendered":"https:\/\/bricer.pt\/produto\/lien-ying-oleo-p-wok-frasco-100ml\/"},"modified":"2023-04-17T07:58:59","modified_gmt":"2023-04-17T07:58:59","slug":"lien-ying-oleo-p-wok-frasco-100ml","status":"publish","type":"product","link":"https:\/\/bricer.pt\/?product=lien-ying-oleo-p-wok-frasco-100ml","title":{"rendered":"Lien Ying \u00d3leo p\/ &#8220;Wok&#8221; Frasco 100ml"},"content":{"rendered":"<p><strong>Lien Ying \u00d3leo p\/ &#8220;Wok&#8221;<\/strong> Frasco 100ml.<\/p>\n<p>&nbsp;<\/p>\n<p><strong>Ingredientes<\/strong>: \u00d3leo de colza, \u00f3leo de S\u00c9SAMO torrado, aroma de alho e gengibre.<\/p>\n<p><strong>Alerg\u00e9nios<\/strong>: Ver MAI\u00daSCULAS.<\/p>\n<p><strong>Declara\u00e7\u00e3o Nutricional p\/100ml<\/strong>: Energia 3404kJ\/828kcal; L\u00edpidos 92g (dos quais saturados 7g; monoinsaturados 61g; polinsaturados 24g); Hidratos de Carbono 0g (dos quais a\u00e7\u00facares 0g); Prote\u00ednas 0g; Sal 0g.<\/p>\n","protected":false},"excerpt":{"rendered":"<p>Lien Ying \u00d3leo p\/ &#8220;Wok&#8221; Frasco 100ml. &nbsp; Ingredientes: \u00d3leo de colza, \u00f3leo de S\u00c9SAMO torrado, aroma de alho e gengibre. Alerg\u00e9nios: Ver MAI\u00daSCULAS. Declara\u00e7\u00e3o Nutricional p\/100ml: Energia 3404kJ\/828kcal; L\u00edpidos 92g (dos quais saturados 7g; monoinsaturados 61g; polinsaturados 24g); Hidratos de Carbono 0g (dos quais a\u00e7\u00facares 0g); Prote\u00ednas 0g; Sal 0g.<\/p>\n","protected":false},"featured_media":1002,"template":"","meta":[],"product_brand":[],"product_cat":[33,195,24],"product_tag":[],"class_list":{"0":"post-1001","1":"product","2":"type-product","3":"status-publish","4":"has-post-thumbnail","6":"product_cat-mercearia-asiatica","7":"product_cat-oleos-mercearia-asiatica","8":"product_cat-sabores-do-mundo","9":"pa_marcas-lien-ying","10":"pa_pais-china","12":"first","13":"instock","14":"taxable","15":"shipping-taxable","16":"product-type-simple"},"_links":{"self":[{"href":"https:\/\/bricer.pt\/index.php?rest_route=\/wp\/v2\/product\/1001","targetHints":{"allow":["GET"]}}],"collection":[{"href":"https:\/\/bricer.pt\/index.php?rest_route=\/wp\/v2\/product"}],"about":[{"href":"https:\/\/bricer.pt\/index.php?rest_route=\/wp\/v2\/types\/product"}],"wp:featuredmedia":[{"embeddable":true,"href":"https:\/\/bricer.pt\/index.php?rest_route=\/wp\/v2\/media\/1002"}],"wp:attachment":[{"href":"https:\/\/bricer.pt\/index.php?rest_route=%2Fwp%2Fv2%2Fmedia&parent=1001"}],"wp:term":[{"taxonomy":"product_brand","embeddable":true,"href":"https:\/\/bricer.pt\/index.php?rest_route=%2Fwp%2Fv2%2Fproduct_brand&post=1001"},{"taxonomy":"product_cat","embeddable":true,"href":"https:\/\/bricer.pt\/index.php?rest_route=%2Fwp%2Fv2%2Fproduct_cat&post=1001"},{"taxonomy":"product_tag","embeddable":true,"href":"https:\/\/bricer.pt\/index.php?rest_route=%2Fwp%2Fv2%2Fproduct_tag&post=1001"}],"curies":[{"name":"wp","href":"https:\/\/api.w.org\/{rel}","templated":true}]}}